{"id":1477,"date":"2024-03-09T00:21:11","date_gmt":"2024-03-08T23:21:11","guid":{"rendered":"https:\/\/heartofjesus.love\/?page_id=1477"},"modified":"2025-08-30T22:13:29","modified_gmt":"2025-08-30T20:13:29","slug":"home","status":"publish","type":"page","link":"https:\/\/heartofjesus.love\/de\/home\/","title":{"rendered":"Home"},"content":{"rendered":"<div data-elementor-type=\"wp-page\" data-elementor-id=\"1477\" class=\"elementor elementor-1477\" data-elementor-post-type=\"page\">\n\t\t\t\t<div class=\"elementor-element elementor-element-03aa59f elementor-hidden-tablet elementor-hidden-desktop e-flex e-con-boxed e-con e-parent\" data-id=\"03aa59f\" data-element_type=\"container\" data-e-type=\"container\">\n\t\t\t\t\t<div class=\"e-con-inner\">\n\t\t\t\t<div class=\"elementor-element elementor-element-ec3886c elementor-align-center elementor-mobile-align-center elementor-hidden-desktop elementor-hidden-tablet elementor-widget elementor-widget-button\" data-id=\"ec3886c\" data-element_type=\"widget\" data-e-type=\"widget\" data-widget_type=\"button.default\">\n\t\t\t\t<div class=\"elementor-widget-container\">\n\t\t\t\t\t\t\t\t\t<div class=\"elementor-button-wrapper\">\n\t\t\t\t\t<a class=\"elementor-button elementor-button-link elementor-size-sm\" href=\"#recentmessages\">\n\t\t\t\t\t\t<span class=\"elementor-button-content-wrapper\">\n\t\t\t\t\t\t\t\t\t<span class=\"elementor-button-text\">Neueste Nachrichten<\/span>\n\t\t\t\t\t<\/span>\n\t\t\t\t\t<\/a>\n\t\t\t\t<\/div>\n\t\t\t\t\t\t\t\t<\/div>\n\t\t\t\t<\/div>\n\t\t\t\t\t<\/div>\n\t\t\t\t<\/div>\n\t\t<div class=\"elementor-element elementor-element-6bd6bfd e-flex e-con-boxed e-con e-parent\" data-id=\"6bd6bfd\" data-element_type=\"container\" data-e-type=\"container\">\n\t\t\t\t\t<div class=\"e-con-inner\">\n\t\t\t\t<div class=\"elementor-element elementor-element-f3b7269 elementor-widget elementor-widget-image\" data-id=\"f3b7269\" data-element_type=\"widget\" data-e-type=\"widget\" data-widget_type=\"image.default\">\n\t\t\t\t<div class=\"elementor-widget-container\">\n\t\t\t\t\t\t\t\t\t\t\t\t\t\t\t<img fetchpriority=\"high\" decoding=\"async\" width=\"760\" height=\"374\" src=\"https:\/\/heartofjesus.love\/wp-content\/uploads\/2024\/02\/sacred-heart-banner.jpg\" class=\"attachment-large size-large wp-image-210\" alt=\"Heiligstes Herz Jesu\" srcset=\"https:\/\/heartofjesus.love\/wp-content\/uploads\/2024\/02\/sacred-heart-banner.jpg 760w, https:\/\/heartofjesus.love\/wp-content\/uploads\/2024\/02\/sacred-heart-banner-300x148.jpg 300w\" sizes=\"(max-width: 760px) 100vw, 760px\" \/>\t\t\t\t\t\t\t\t\t\t\t\t\t\t\t<\/div>\n\t\t\t\t<\/div>\n\t\t\t\t\t<\/div>\n\t\t\t\t<\/div>\n\t\t<div class=\"elementor-element elementor-element-5671b45 e-flex e-con-boxed e-con e-parent\" data-id=\"5671b45\" data-element_type=\"container\" data-e-type=\"container\">\n\t\t\t\t\t<div class=\"e-con-inner\">\n\t\t\t\t<div class=\"elementor-element elementor-element-2f562e8 elementor-widget elementor-widget-text-editor\" data-id=\"2f562e8\" data-element_type=\"widget\" data-e-type=\"widget\" data-widget_type=\"text-editor.default\">\n\t\t\t\t<div class=\"elementor-widget-container\">\n\t\t\t\t\t\t\t\t\t<p><em>Unser Herr und Erl\u00f6ser Jesus sagt, <\/em>\"Mein Heiligstes Herz der Liebe ruft weiterhin alle Seelen zu meiner Barmherzigkeit auf, um zu bereuen und <span style=\"font-family: 'Noto Serif';\">erhalten<\/span> die Vergebung meines Herzens. Denn ich liebe alle, und es gibt keine S\u00fcnde, die gr\u00f6\u00dfer ist als meine Barmherzigkeit, zu vergeben. Keine Seele ist von meiner liebenden Barmherzigkeit ausgenommen.<\/p><p>Ich rufe alle Menschen zum heiligen Fu\u00df meines Kreuzes, zur Herrlichkeit meiner Liebe, um mich von ganzem Herzen zu suchen, damit sie verwandelt und f\u00fcr die Herrlichkeit des ewigen Lebens in ihrer Erl\u00f6sung vorbereitet werden.<\/p><p>Die Liebe \u00f6ffnet die T\u00fcren des Himmels f\u00fcr jede Seele, die mich in meiner Barmherzigkeit sucht und mich ewig lieben will. Ihr k\u00f6nnt euch die Herrlichkeit der Liebe, die ich f\u00fcr meine Kinder habe, nicht vorstellen.<\/p><p>Sucht mich von ganzem Herzen und ihr werdet mich mit offenen Armen in meiner liebenden Barmherzigkeit finden, um euch zu umarmen. Die Macht des Kreuzes ist die Macht meines liebenden Opfers f\u00fcr die Seelen, um sie in meiner Barmherzigkeit zu heilen, ihnen zu vergeben und die Freude, die gro\u00dfe Freude, in ihren Herzen wiederherzustellen.<\/p><p>Ja, erst die Liebe, dann die Barmherzigkeit\".<\/p>\t\t\t\t\t\t\t\t<\/div>\n\t\t\t\t<\/div>\n\t\t\t\t\t<\/div>\n\t\t\t\t<\/div>\n\t\t<div class=\"elementor-element elementor-element-a1a9d30 elementor-hidden-desktop elementor-hidden-tablet e-flex e-con-boxed e-con e-parent\" data-id=\"a1a9d30\" data-element_type=\"container\" data-e-type=\"container\" id=\"recentmessages\">\n\t\t\t\t\t<div class=\"e-con-inner\">\n\t\t\t\t\t<\/div>\n\t\t\t\t<\/div>\n\t\t<div class=\"elementor-element elementor-element-9b1a209 e-flex e-con-boxed e-con e-parent\" data-id=\"9b1a209\" data-element_type=\"container\" data-e-type=\"container\">\n\t\t\t\t\t<div class=\"e-con-inner\">\n\t\t\t\t<div class=\"elementor-element elementor-element-2e8e2ff elementor-widget elementor-widget-heading\" data-id=\"2e8e2ff\" data-element_type=\"widget\" data-e-type=\"widget\" data-widget_type=\"heading.default\">\n\t\t\t\t<div class=\"elementor-widget-container\">\n\t\t\t\t\t<h3 class=\"elementor-heading-title elementor-size-default\">Neueste Nachrichten<\/h3>\t\t\t\t<\/div>\n\t\t\t\t<\/div>\n\t\t\t\t\t<\/div>\n\t\t\t\t<\/div>\n\t\t<div class=\"elementor-element elementor-element-2e76e2b e-flex e-con-boxed e-con e-parent\" data-id=\"2e76e2b\" data-element_type=\"container\" data-e-type=\"container\">\n\t\t\t\t\t<div class=\"e-con-inner\">\n\t\t\t\t<div class=\"elementor-element elementor-element-3e1aef0 elementor-posts--thumbnail-none elementor-grid-3 elementor-grid-tablet-2 elementor-grid-mobile-1 elementor-card-shadow-yes elementor-posts__hover-gradient elementor-widget elementor-widget-posts\" data-id=\"3e1aef0\" data-element_type=\"widget\" data-e-type=\"widget\" data-settings=\"{&quot;cards_row_gap&quot;:{&quot;unit&quot;:&quot;px&quot;,&quot;size&quot;:20,&quot;sizes&quot;:[]},&quot;pagination_type&quot;:&quot;numbers_and_prev_next&quot;,&quot;cards_columns&quot;:&quot;3&quot;,&quot;cards_columns_tablet&quot;:&quot;2&quot;,&quot;cards_columns_mobile&quot;:&quot;1&quot;,&quot;cards_row_gap_tablet&quot;:{&quot;unit&quot;:&quot;px&quot;,&quot;size&quot;:&quot;&quot;,&quot;sizes&quot;:[]},&quot;cards_row_gap_mobile&quot;:{&quot;unit&quot;:&quot;px&quot;,&quot;size&quot;:&quot;&quot;,&quot;sizes&quot;:[]}}\" data-widget_type=\"posts.cards\">\n\t\t\t\t<div class=\"elementor-widget-container\">\n\t\t\t\t\t\t\t<div class=\"elementor-posts-container elementor-posts elementor-posts--skin-cards elementor-grid\" role=\"list\">\n\t\t\t\t<article class=\"elementor-post elementor-grid-item post-14228 post type-post status-publish format-standard hentry category-uncategorized\" role=\"listitem\">\n\t\t\t<div class=\"elementor-post__card\">\n\t\t\t\t<div class=\"elementor-post__text\">\n\t\t\t\t<h3 class=\"elementor-post__title\">\n\t\t\t<a href=\"https:\/\/heartofjesus.love\/de\/what-good-is-it-to-gain-the-whole-world-if-you-lose-me\/\" >\n\t\t\t\tWas n\u00fctzt es, die ganze Welt zu gewinnen, wenn man mich verliert?\t\t\t<\/a>\n\t\t<\/h3>\n\t\t\t\t<div class=\"elementor-post__excerpt\">\n\t\t\t<p>\u201cI love you, my son, and I am with you. As you said to yourself, what good is it to gain the whole world if you lose me?\u201d \u2018Jesus, I love you. I love you. Take me within your arms of paradise and hold me there forever. Take me in<\/p>\n\t\t<\/div>\n\t\t\t\t<\/div>\n\t\t\t\t<div class=\"elementor-post__meta-data\">\n\t\t\t\t\t<span class=\"elementor-post-date\">\n\t\t\t19. April 2026\t\t<\/span>\n\t\t\t\t<\/div>\n\t\t\t\t\t<\/div>\n\t\t<\/article>\n\t\t\t\t<article class=\"elementor-post elementor-grid-item post-14224 post type-post status-publish format-standard hentry category-uncategorized\" role=\"listitem\">\n\t\t\t<div class=\"elementor-post__card\">\n\t\t\t\t<div class=\"elementor-post__text\">\n\t\t\t\t<h3 class=\"elementor-post__title\">\n\t\t\t<a href=\"https:\/\/heartofjesus.love\/de\/when-i-was-a-boy-i-used-to-lie-in-the-grass\/\" >\n\t\t\t\tAls ich ein Junge war, lag ich immer im Gras\t\t\t<\/a>\n\t\t<\/h3>\n\t\t\t\t<div class=\"elementor-post__excerpt\">\n\t\t\t<p>\u2018My Lord and my love. You have given me everything. May the eternal light of your glory shine within me. When I was a boy, I used to lie in the grass. It was warm and I could feel the earth living beneath me. When I was a boy, I<\/p>\n\t\t<\/div>\n\t\t\t\t<\/div>\n\t\t\t\t<div class=\"elementor-post__meta-data\">\n\t\t\t\t\t<span class=\"elementor-post-date\">\n\t\t\t19. April 2026\t\t<\/span>\n\t\t\t\t<\/div>\n\t\t\t\t\t<\/div>\n\t\t<\/article>\n\t\t\t\t<article class=\"elementor-post elementor-grid-item post-14220 post type-post status-publish format-standard hentry category-uncategorized\" role=\"listitem\">\n\t\t\t<div class=\"elementor-post__card\">\n\t\t\t\t<div class=\"elementor-post__text\">\n\t\t\t\t<h3 class=\"elementor-post__title\">\n\t\t\t<a href=\"https:\/\/heartofjesus.love\/de\/observe-love-in-all-things\/\" >\n\t\t\t\tBeobachte die Liebe in allen Dingen\t\t\t<\/a>\n\t\t<\/h3>\n\t\t\t\t<div class=\"elementor-post__excerpt\">\n\t\t\t<p>\u2018My dear Lord, how do I live this day more fully to bring joy to your heart and to glorify your name within the hearts of others?\u2019 \u201cMy son, remain close to me in opening your heart to receive me throughout the day. My words are your strength and they<\/p>\n\t\t<\/div>\n\t\t\t\t<\/div>\n\t\t\t\t<div class=\"elementor-post__meta-data\">\n\t\t\t\t\t<span class=\"elementor-post-date\">\n\t\t\t18. April 2026\t\t<\/span>\n\t\t\t\t<\/div>\n\t\t\t\t\t<\/div>\n\t\t<\/article>\n\t\t\t\t<article class=\"elementor-post elementor-grid-item post-14216 post type-post status-publish format-standard hentry category-uncategorized\" role=\"listitem\">\n\t\t\t<div class=\"elementor-post__card\">\n\t\t\t\t<div class=\"elementor-post__text\">\n\t\t\t\t<h3 class=\"elementor-post__title\">\n\t\t\t<a href=\"https:\/\/heartofjesus.love\/de\/breathe-in-the-winds-of-the-spirit-of-my-love\/\" >\n\t\t\t\tAtme die Winde des Geistes meiner Liebe ein\t\t\t<\/a>\n\t\t<\/h3>\n\t\t\t\t<div class=\"elementor-post__excerpt\">\n\t\t\t<p>\u201cMy son, come within my arms of mercy, for it does not matter the state of your soul, in which you cannot judge yourself. Nor where you are or what you are doing. For I, your Lord, your God Almighty of love, am always with you. And I desire to<\/p>\n\t\t<\/div>\n\t\t\t\t<\/div>\n\t\t\t\t<div class=\"elementor-post__meta-data\">\n\t\t\t\t\t<span class=\"elementor-post-date\">\n\t\t\t18. April 2026\t\t<\/span>\n\t\t\t\t<\/div>\n\t\t\t\t\t<\/div>\n\t\t<\/article>\n\t\t\t\t<article class=\"elementor-post elementor-grid-item post-14212 post type-post status-publish format-standard hentry category-uncategorized\" role=\"listitem\">\n\t\t\t<div class=\"elementor-post__card\">\n\t\t\t\t<div class=\"elementor-post__text\">\n\t\t\t\t<h3 class=\"elementor-post__title\">\n\t\t\t<a href=\"https:\/\/heartofjesus.love\/de\/they-bear-the-wounds-of-her-sons-stigmata\/\" >\n\t\t\t\tSie tragen die Wunden der Stigmata ihres Sohnes\t\t\t<\/a>\n\t\t<\/h3>\n\t\t\t\t<div class=\"elementor-post__excerpt\">\n\t\t\t<p>Our Lady, the Virgin, now opens her hands to me, extended. They bear the wounds of her son\u2019s stigmata. She says, \u201cI cry for all souls in need of my son&#8217;s mercy, for so many have forgotten him and the joys of his love. I am asking my children to<\/p>\n\t\t<\/div>\n\t\t\t\t<\/div>\n\t\t\t\t<div class=\"elementor-post__meta-data\">\n\t\t\t\t\t<span class=\"elementor-post-date\">\n\t\t\t18. April 2026\t\t<\/span>\n\t\t\t\t<\/div>\n\t\t\t\t\t<\/div>\n\t\t<\/article>\n\t\t\t\t<article class=\"elementor-post elementor-grid-item post-14208 post type-post status-publish format-standard hentry category-uncategorized\" role=\"listitem\">\n\t\t\t<div class=\"elementor-post__card\">\n\t\t\t\t<div class=\"elementor-post__text\">\n\t\t\t\t<h3 class=\"elementor-post__title\">\n\t\t\t<a href=\"https:\/\/heartofjesus.love\/de\/come-o-holy-love-of-the-cross\/\" >\n\t\t\t\tKomm, o heilige Liebe des Kreuzes\t\t\t<\/a>\n\t\t<\/h3>\n\t\t\t\t<div class=\"elementor-post__excerpt\">\n\t\t\t<p>I am having a vision of the eternal rays of the light of the throne of heaven. \u2018May you lead me, as you desire, in your love. Come, O holy love of the Cross, that through the sacrifice of Jesus all may be fulfilled in his mercy for the glory<\/p>\n\t\t<\/div>\n\t\t\t\t<\/div>\n\t\t\t\t<div class=\"elementor-post__meta-data\">\n\t\t\t\t\t<span class=\"elementor-post-date\">\n\t\t\t18. April 2026\t\t<\/span>\n\t\t\t\t<\/div>\n\t\t\t\t\t<\/div>\n\t\t<\/article>\n\t\t\t\t<\/div>\n\t\t\n\t\t\t\t<div class=\"e-load-more-anchor\" data-page=\"1\" data-max-page=\"557\" data-next-page=\"https:\/\/heartofjesus.love\/de\/?e-page-3e1aef0=2\"><\/div>\n\t\t\t\t<nav class=\"elementor-pagination\" aria-label=\"Seitennummerierung\">\n\t\t\t<span class=\"page-numbers prev\">\" Vorherige<\/span>\n<span aria-current=\"page\" class=\"page-numbers current\"><span class=\"elementor-screen-only\">Seite<\/span>1<\/span>\n<a class=\"page-numbers\" href=\"https:\/\/heartofjesus.love\/de\/wp-json\/wp\/v2\/pages\/1477\/?e-page-3e1aef0=2\"><span class=\"elementor-screen-only\">Seite<\/span>2<\/a>\n<a class=\"page-numbers\" href=\"https:\/\/heartofjesus.love\/de\/wp-json\/wp\/v2\/pages\/1477\/?e-page-3e1aef0=3\"><span class=\"elementor-screen-only\">Seite<\/span>3<\/a>\n<span class=\"page-numbers dots\">...<\/span>\n<a class=\"page-numbers\" href=\"https:\/\/heartofjesus.love\/de\/wp-json\/wp\/v2\/pages\/1477\/?e-page-3e1aef0=25\"><span class=\"elementor-screen-only\">Seite<\/span>25<\/a>\n<a class=\"page-numbers next\" href=\"https:\/\/heartofjesus.love\/de\/?e-page-3e1aef0=2\">N\u00e4chste \"<\/a>\t\t<\/nav>\n\t\t\t\t\t\t<\/div>\n\t\t\t\t<\/div>\n\t\t\t\t\t<\/div>\n\t\t\t\t<\/div>\n\t\t\t\t<\/div>","protected":false},"excerpt":{"rendered":"<p>Most Recent Messages Our Lord and Savior Jesus says, \u201cMy Sacred Heart of love continues to call all souls to [&hellip;]<\/p>\n","protected":false},"author":1,"featured_media":0,"parent":0,"menu_order":0,"comment_status":"closed","ping_status":"closed","template":"","meta":{"_seopress_robots_primary_cat":"","_seopress_titles_title":"Heart of Jesus: Messages of Love","_seopress_titles_desc":"\u201cMy Sacred Heart of love continues to call all souls to my mercy, to repent and receive the forgiveness of my heart. For I love all and there is no sin that is greater than my mercy to forgive. No soul is exempt from my loving mercy.\"","_seopress_robots_index":"","nf_dc_page":"","site-sidebar-layout":"no-sidebar","site-content-layout":"","ast-site-content-layout":"full-width-container","site-content-style":"default","site-sidebar-style":"default","ast-global-header-display":"","ast-banner-title-visibility":"","ast-main-header-display":"","ast-hfb-above-header-display":"","ast-hfb-below-header-display":"","ast-hfb-mobile-header-display":"","site-post-title":"disabled","ast-breadcrumbs-content":"","ast-featured-img":"disabled","footer-sml-layout":"","ast-disable-related-posts":"","theme-transparent-header-meta":"","adv-header-id-meta":"","stick-header-meta":"","header-above-stick-meta":"","header-main-stick-meta":"","header-below-stick-meta":"","astra-migrate-meta-layouts":"default","ast-page-background-enabled":"default","ast-page-background-meta":{"desktop":{"background-color":"var(--ast-global-color-4)","background-image":"","background-repeat":"repeat","background-position":"center center","background-size":"auto","background-attachment":"scroll","background-type":"","background-media":"","overlay-type":"","overlay-color":"","overlay-opacity":"","overlay-gradient":""},"tablet":{"background-color":"","background-image":"","background-repeat":"repeat","background-position":"center center","background-size":"auto","background-attachment":"scroll","background-type":"","background-media":"","overlay-type":"","overlay-color":"","overlay-opacity":"","overlay-gradient":""},"mobile":{"background-color":"","background-image":"","background-repeat":"repeat","background-position":"center center","background-size":"auto","background-attachment":"scroll","background-type":"","background-media":"","overlay-type":"","overlay-color":"","overlay-opacity":"","overlay-gradient":""}},"ast-content-background-meta":{"desktop":{"background-color":"var(--ast-global-color-5)","background-image":"","background-repeat":"repeat","background-position":"center center","background-size":"auto","background-attachment":"scroll","background-type":"","background-media":"","overlay-type":"","overlay-color":"","overlay-opacity":"","overlay-gradient":""},"tablet":{"background-color":"var(--ast-global-color-5)","background-image":"","background-repeat":"repeat","background-position":"center center","background-size":"auto","background-attachment":"scroll","background-type":"","background-media":"","overlay-type":"","overlay-color":"","overlay-opacity":"","overlay-gradient":""},"mobile":{"background-color":"var(--ast-global-color-5)","background-image":"","background-repeat":"repeat","background-position":"center center","background-size":"auto","background-attachment":"scroll","background-type":"","background-media":"","overlay-type":"","overlay-color":"","overlay-opacity":"","overlay-gradient":""}},"iawp_total_views":2035,"footnotes":""},"class_list":["post-1477","page","type-page","status-publish","hentry"],"_links":{"self":[{"href":"https:\/\/heartofjesus.love\/de\/wp-json\/wp\/v2\/pages\/1477","targetHints":{"allow":["GET"]}}],"collection":[{"href":"https:\/\/heartofjesus.love\/de\/wp-json\/wp\/v2\/pages"}],"about":[{"href":"https:\/\/heartofjesus.love\/de\/wp-json\/wp\/v2\/types\/page"}],"author":[{"embeddable":true,"href":"https:\/\/heartofjesus.love\/de\/wp-json\/wp\/v2\/users\/1"}],"replies":[{"embeddable":true,"href":"https:\/\/heartofjesus.love\/de\/wp-json\/wp\/v2\/comments?post=1477"}],"version-history":[{"count":1,"href":"https:\/\/heartofjesus.love\/de\/wp-json\/wp\/v2\/pages\/1477\/revisions"}],"predecessor-version":[{"id":12223,"href":"https:\/\/heartofjesus.love\/de\/wp-json\/wp\/v2\/pages\/1477\/revisions\/12223"}],"wp:attachment":[{"href":"https:\/\/heartofjesus.love\/de\/wp-json\/wp\/v2\/media?parent=1477"}],"curies":[{"name":"wp","href":"https:\/\/api.w.org\/{rel}","templated":true}]}}