{"id":1477,"date":"2024-03-09T00:21:11","date_gmt":"2024-03-08T23:21:11","guid":{"rendered":"https:\/\/heartofjesus.love\/?page_id=1477"},"modified":"2025-08-30T22:13:29","modified_gmt":"2025-08-30T20:13:29","slug":"casa","status":"publish","type":"page","link":"https:\/\/heartofjesus.love\/es\/home\/","title":{"rendered":"Casa"},"content":{"rendered":"<div data-elementor-type=\"wp-page\" data-elementor-id=\"1477\" class=\"elementor elementor-1477\" data-elementor-post-type=\"page\">\n\t\t\t\t<div class=\"elementor-element elementor-element-03aa59f elementor-hidden-tablet elementor-hidden-desktop e-flex e-con-boxed e-con e-parent\" data-id=\"03aa59f\" data-element_type=\"container\" data-e-type=\"container\">\n\t\t\t\t\t<div class=\"e-con-inner\">\n\t\t\t\t<div class=\"elementor-element elementor-element-ec3886c elementor-align-center elementor-mobile-align-center elementor-hidden-desktop elementor-hidden-tablet elementor-widget elementor-widget-button\" data-id=\"ec3886c\" data-element_type=\"widget\" data-e-type=\"widget\" data-widget_type=\"button.default\">\n\t\t\t\t<div class=\"elementor-widget-container\">\n\t\t\t\t\t\t\t\t\t<div class=\"elementor-button-wrapper\">\n\t\t\t\t\t<a class=\"elementor-button elementor-button-link elementor-size-sm\" href=\"#recentmessages\">\n\t\t\t\t\t\t<span class=\"elementor-button-content-wrapper\">\n\t\t\t\t\t\t\t\t\t<span class=\"elementor-button-text\">Mensajes m\u00e1s recientes<\/span>\n\t\t\t\t\t<\/span>\n\t\t\t\t\t<\/a>\n\t\t\t\t<\/div>\n\t\t\t\t\t\t\t\t<\/div>\n\t\t\t\t<\/div>\n\t\t\t\t\t<\/div>\n\t\t\t\t<\/div>\n\t\t<div class=\"elementor-element elementor-element-6bd6bfd e-flex e-con-boxed e-con e-parent\" data-id=\"6bd6bfd\" data-element_type=\"container\" data-e-type=\"container\">\n\t\t\t\t\t<div class=\"e-con-inner\">\n\t\t\t\t<div class=\"elementor-element elementor-element-f3b7269 elementor-widget elementor-widget-image\" data-id=\"f3b7269\" data-element_type=\"widget\" data-e-type=\"widget\" data-widget_type=\"image.default\">\n\t\t\t\t<div class=\"elementor-widget-container\">\n\t\t\t\t\t\t\t\t\t\t\t\t\t\t\t<img fetchpriority=\"high\" decoding=\"async\" width=\"760\" height=\"374\" src=\"https:\/\/heartofjesus.love\/wp-content\/uploads\/2024\/02\/sacred-heart-banner.jpg\" class=\"attachment-large size-large wp-image-210\" alt=\"Sagrado Coraz\u00f3n de Jes\u00fas\" srcset=\"https:\/\/heartofjesus.love\/wp-content\/uploads\/2024\/02\/sacred-heart-banner.jpg 760w, https:\/\/heartofjesus.love\/wp-content\/uploads\/2024\/02\/sacred-heart-banner-300x148.jpg 300w\" sizes=\"(max-width: 760px) 100vw, 760px\" \/>\t\t\t\t\t\t\t\t\t\t\t\t\t\t\t<\/div>\n\t\t\t\t<\/div>\n\t\t\t\t\t<\/div>\n\t\t\t\t<\/div>\n\t\t<div class=\"elementor-element elementor-element-5671b45 e-flex e-con-boxed e-con e-parent\" data-id=\"5671b45\" data-element_type=\"container\" data-e-type=\"container\">\n\t\t\t\t\t<div class=\"e-con-inner\">\n\t\t\t\t<div class=\"elementor-element elementor-element-2f562e8 elementor-widget elementor-widget-text-editor\" data-id=\"2f562e8\" data-element_type=\"widget\" data-e-type=\"widget\" data-widget_type=\"text-editor.default\">\n\t\t\t\t<div class=\"elementor-widget-container\">\n\t\t\t\t\t\t\t\t\t<p><em>Nuestro Se\u00f1or y Salvador Jes\u00fas dice, <\/em>\"Mi Sagrado Coraz\u00f3n de amor sigue llamando a todas las almas a mi misericordia, para que se arrepientan y <span style=\"font-family: 'Noto Serif';\">reciba<\/span> el perd\u00f3n de mi coraz\u00f3n. Porque amo a todos y no hay pecado que sea mayor que mi misericordia para perdonar. Ning\u00fan alma est\u00e1 exenta de mi amorosa misericordia.<\/p><p>Llamo a todos los hombres al pie santo de mi Cruz, a la gloria de mi amor, para que me busquen con todo su coraz\u00f3n, a fin de que sean transformados y preparados para la gloria de la vida eterna en su salvaci\u00f3n.<\/p><p>El amor abre las puertas del cielo a toda alma que me busca en mi misericordia y desea amarme eternamente. No pod\u00e9is imaginar la gloria del amor que siento por mis hijos.<\/p><p>B\u00fascame con todo tu coraz\u00f3n y me encontrar\u00e1s esper\u00e1ndote con los brazos abiertos en mi amorosa misericordia para abrazarte. El poder de la Cruz es el poder de mi sacrificio amoroso por las almas, para curarlas en mi misericordia, perdonarlas y devolver la alegr\u00eda, la gran alegr\u00eda, a sus corazones.<\/p><p>S\u00ed, primero el amor, luego la misericordia\".<\/p>\t\t\t\t\t\t\t\t<\/div>\n\t\t\t\t<\/div>\n\t\t\t\t\t<\/div>\n\t\t\t\t<\/div>\n\t\t<div class=\"elementor-element elementor-element-a1a9d30 elementor-hidden-desktop elementor-hidden-tablet e-flex e-con-boxed e-con e-parent\" data-id=\"a1a9d30\" data-element_type=\"container\" data-e-type=\"container\" id=\"recentmessages\">\n\t\t\t\t\t<div class=\"e-con-inner\">\n\t\t\t\t\t<\/div>\n\t\t\t\t<\/div>\n\t\t<div class=\"elementor-element elementor-element-9b1a209 e-flex e-con-boxed e-con e-parent\" data-id=\"9b1a209\" data-element_type=\"container\" data-e-type=\"container\">\n\t\t\t\t\t<div class=\"e-con-inner\">\n\t\t\t\t<div class=\"elementor-element elementor-element-2e8e2ff elementor-widget elementor-widget-heading\" data-id=\"2e8e2ff\" data-element_type=\"widget\" data-e-type=\"widget\" data-widget_type=\"heading.default\">\n\t\t\t\t<div class=\"elementor-widget-container\">\n\t\t\t\t\t<h3 class=\"elementor-heading-title elementor-size-default\">Mensajes m\u00e1s recientes<\/h3>\t\t\t\t<\/div>\n\t\t\t\t<\/div>\n\t\t\t\t\t<\/div>\n\t\t\t\t<\/div>\n\t\t<div class=\"elementor-element elementor-element-2e76e2b e-flex e-con-boxed e-con e-parent\" data-id=\"2e76e2b\" data-element_type=\"container\" data-e-type=\"container\">\n\t\t\t\t\t<div class=\"e-con-inner\">\n\t\t\t\t<div class=\"elementor-element elementor-element-3e1aef0 elementor-posts--thumbnail-none elementor-grid-3 elementor-grid-tablet-2 elementor-grid-mobile-1 elementor-card-shadow-yes elementor-posts__hover-gradient elementor-widget elementor-widget-posts\" data-id=\"3e1aef0\" data-element_type=\"widget\" data-e-type=\"widget\" data-settings=\"{&quot;cards_row_gap&quot;:{&quot;unit&quot;:&quot;px&quot;,&quot;size&quot;:20,&quot;sizes&quot;:[]},&quot;pagination_type&quot;:&quot;numbers_and_prev_next&quot;,&quot;cards_columns&quot;:&quot;3&quot;,&quot;cards_columns_tablet&quot;:&quot;2&quot;,&quot;cards_columns_mobile&quot;:&quot;1&quot;,&quot;cards_row_gap_tablet&quot;:{&quot;unit&quot;:&quot;px&quot;,&quot;size&quot;:&quot;&quot;,&quot;sizes&quot;:[]},&quot;cards_row_gap_mobile&quot;:{&quot;unit&quot;:&quot;px&quot;,&quot;size&quot;:&quot;&quot;,&quot;sizes&quot;:[]}}\" data-widget_type=\"posts.cards\">\n\t\t\t\t<div class=\"elementor-widget-container\">\n\t\t\t\t\t\t\t<div class=\"elementor-posts-container elementor-posts elementor-posts--skin-cards elementor-grid\" role=\"list\">\n\t\t\t\t<article class=\"elementor-post elementor-grid-item post-14310 post type-post status-publish format-standard hentry category-uncategorized\" role=\"listitem\">\n\t\t\t<div class=\"elementor-post__card\">\n\t\t\t\t<div class=\"elementor-post__text\">\n\t\t\t\t<h3 class=\"elementor-post__title\">\n\t\t\t<a href=\"https:\/\/heartofjesus.love\/es\/hear-my-heart\/\" >\n\t\t\t\tEscucha mi coraz\u00f3n\t\t\t<\/a>\n\t\t<\/h3>\n\t\t\t\t<div class=\"elementor-post__excerpt\">\n\t\t\t<p>\u201cS\u00ed, hijo m\u00edo, al\u00e9grate. Al\u00e9grate en mi amor y en la esperanza de la santa misericordia de mi hijo Jes\u00fas para sostenerte y guiarte cada d\u00eda\u201d. La Virgen, que sigue apareciendo ante m\u00ed vestida de blanco, parece resplandecer desde su interior, apareciendo como Reina del Cielo, pero como<\/p>\n\t\t<\/div>\n\t\t\t\t<\/div>\n\t\t\t\t<div class=\"elementor-post__meta-data\">\n\t\t\t\t\t<span class=\"elementor-post-date\">\n\t\t\t12 mayo 2026\t\t<\/span>\n\t\t\t\t<\/div>\n\t\t\t\t\t<\/div>\n\t\t<\/article>\n\t\t\t\t<article class=\"elementor-post elementor-grid-item post-14308 post type-post status-publish format-standard hentry category-uncategorized\" role=\"listitem\">\n\t\t\t<div class=\"elementor-post__card\">\n\t\t\t\t<div class=\"elementor-post__text\">\n\t\t\t\t<h3 class=\"elementor-post__title\">\n\t\t\t<a href=\"https:\/\/heartofjesus.love\/es\/i-have-been-waiting-for-you\/\" >\n\t\t\t\tTe he estado esperando\t\t\t<\/a>\n\t\t<\/h3>\n\t\t\t\t<div class=\"elementor-post__excerpt\">\n\t\t\t<p>\u201cMi querida hija, ven hoy a m\u00ed en la gloria de mi amor, como te he estado esperando\u201d. Ahora tengo una visi\u00f3n de nuestro Se\u00f1or apareciendo, caminando sobre las aguas de la bah\u00eda ante m\u00ed, con sus manos extendidas. Su t\u00fanica blanca es un puro contraste<\/p>\n\t\t<\/div>\n\t\t\t\t<\/div>\n\t\t\t\t<div class=\"elementor-post__meta-data\">\n\t\t\t\t\t<span class=\"elementor-post-date\">\n\t\t\t12 mayo 2026\t\t<\/span>\n\t\t\t\t<\/div>\n\t\t\t\t\t<\/div>\n\t\t<\/article>\n\t\t\t\t<article class=\"elementor-post elementor-grid-item post-14306 post type-post status-publish format-standard hentry category-uncategorized\" role=\"listitem\">\n\t\t\t<div class=\"elementor-post__card\">\n\t\t\t\t<div class=\"elementor-post__text\">\n\t\t\t\t<h3 class=\"elementor-post__title\">\n\t\t\t<a href=\"https:\/\/heartofjesus.love\/es\/the-joy-of-forgiveness\/\" >\n\t\t\t\tLa alegr\u00eda del perd\u00f3n\t\t\t<\/a>\n\t\t<\/h3>\n\t\t\t\t<div class=\"elementor-post__excerpt\">\n\t\t\t<p>Nuestro Se\u00f1or dice: \u201cVen, hijo m\u00edo, y hazte presente a los m\u00e1s necesitados de mi misericordia. Abre tu coraz\u00f3n a sus necesidades, ofreci\u00e9ndoles las aguas compasivas de mi amor. S\u00ed, las alegr\u00edas de mi amor nos mantendr\u00e1n siempre unidos. Cuando un alma perdona, ofrece su<\/p>\n\t\t<\/div>\n\t\t\t\t<\/div>\n\t\t\t\t<div class=\"elementor-post__meta-data\">\n\t\t\t\t\t<span class=\"elementor-post-date\">\n\t\t\t12 mayo 2026\t\t<\/span>\n\t\t\t\t<\/div>\n\t\t\t\t\t<\/div>\n\t\t<\/article>\n\t\t\t\t<article class=\"elementor-post elementor-grid-item post-14304 post type-post status-publish format-standard hentry category-uncategorized\" role=\"listitem\">\n\t\t\t<div class=\"elementor-post__card\">\n\t\t\t\t<div class=\"elementor-post__text\">\n\t\t\t\t<h3 class=\"elementor-post__title\">\n\t\t\t<a href=\"https:\/\/heartofjesus.love\/es\/fulfill-that-which-you-are-meant-to-fulfill-this-day\/\" >\n\t\t\t\tCumple lo que debes cumplir este d\u00eda\t\t\t<\/a>\n\t\t<\/h3>\n\t\t\t\t<div class=\"elementor-post__excerpt\">\n\t\t\t<p>\u201cS\u00ed, d\u00e9jame llevarte en la esperanza, en el amor de mi misericordia\u201d. La Virgen aparece ahora ante m\u00ed con un sencillo vestido blanco, humilde, pura y verdadera. Y puedo sentir su amor, el amor de una buena madre. El amor de su hijo dentro de ella, que<\/p>\n\t\t<\/div>\n\t\t\t\t<\/div>\n\t\t\t\t<div class=\"elementor-post__meta-data\">\n\t\t\t\t\t<span class=\"elementor-post-date\">\n\t\t\t12 mayo 2026\t\t<\/span>\n\t\t\t\t<\/div>\n\t\t\t\t\t<\/div>\n\t\t<\/article>\n\t\t\t\t<article class=\"elementor-post elementor-grid-item post-14302 post type-post status-publish format-standard hentry category-uncategorized\" role=\"listitem\">\n\t\t\t<div class=\"elementor-post__card\">\n\t\t\t\t<div class=\"elementor-post__text\">\n\t\t\t\t<h3 class=\"elementor-post__title\">\n\t\t\t<a href=\"https:\/\/heartofjesus.love\/es\/i-believe\/\" >\n\t\t\t\tCreo que\t\t\t<\/a>\n\t\t<\/h3>\n\t\t\t\t<div class=\"elementor-post__excerpt\">\n\t\t\t<p>En Juan 11, Jes\u00fas dijo: \u201c\u00bfNo os he dicho que, si cre\u00e9is, ver\u00e9is la gloria de Dios?\u201d. Se\u00f1or m\u00edo, creo, tengo esperanza y te amo. Amo a Dios; creo. Renueva mi coraz\u00f3n; yo creo. Renueva mi alma; yo creo. Porque t\u00fa<\/p>\n\t\t<\/div>\n\t\t\t\t<\/div>\n\t\t\t\t<div class=\"elementor-post__meta-data\">\n\t\t\t\t\t<span class=\"elementor-post-date\">\n\t\t\t11 mayo 2026\t\t<\/span>\n\t\t\t\t<\/div>\n\t\t\t\t\t<\/div>\n\t\t<\/article>\n\t\t\t\t<article class=\"elementor-post elementor-grid-item post-14299 post type-post status-publish format-standard hentry category-uncategorized\" role=\"listitem\">\n\t\t\t<div class=\"elementor-post__card\">\n\t\t\t\t<div class=\"elementor-post__text\">\n\t\t\t\t<h3 class=\"elementor-post__title\">\n\t\t\t<a href=\"https:\/\/heartofjesus.love\/es\/hope-will-produce-peace-within-your-heart\/\" >\n\t\t\t\tLa esperanza producir\u00e1 paz en tu coraz\u00f3n\t\t\t<\/a>\n\t\t<\/h3>\n\t\t\t\t<div class=\"elementor-post__excerpt\">\n\t\t\t<p>En el libro de Hebreos 7, dice: \u201cManteng\u00e1monos firmes en la esperanza que profesamos, porque fiel es el que lo prometi\u00f3.\u201d Se\u00f1or m\u00edo, cada d\u00eda te pido los mayores dones de la fe, la esperanza y el amor. Para ser un instrumento de fe, esperanza y amor para tus hijos.<\/p>\n\t\t<\/div>\n\t\t\t\t<\/div>\n\t\t\t\t<div class=\"elementor-post__meta-data\">\n\t\t\t\t\t<span class=\"elementor-post-date\">\n\t\t\t11 mayo 2026\t\t<\/span>\n\t\t\t\t<\/div>\n\t\t\t\t\t<\/div>\n\t\t<\/article>\n\t\t\t\t<\/div>\n\t\t\n\t\t\t\t<div class=\"e-load-more-anchor\" data-page=\"1\" data-max-page=\"561\" data-next-page=\"https:\/\/heartofjesus.love\/es\/?e-page-3e1aef0=2\"><\/div>\n\t\t\t\t<nav class=\"elementor-pagination\" aria-label=\"Paginaci\u00f3n\">\n\t\t\t<span class=\"page-numbers prev\">\" Anterior<\/span>\n<span aria-current=\"page\" class=\"page-numbers current\"><span class=\"elementor-screen-only\">P\u00e1gina<\/span>1<\/span>\n<a class=\"page-numbers\" href=\"https:\/\/heartofjesus.love\/es\/wp-json\/wp\/v2\/pages\/1477\/?e-page-3e1aef0=2\"><span class=\"elementor-screen-only\">P\u00e1gina<\/span>2<\/a>\n<a class=\"page-numbers\" href=\"https:\/\/heartofjesus.love\/es\/wp-json\/wp\/v2\/pages\/1477\/?e-page-3e1aef0=3\"><span class=\"elementor-screen-only\">P\u00e1gina<\/span>3<\/a>\n<span class=\"page-numbers dots\">...<\/span>\n<a class=\"page-numbers\" href=\"https:\/\/heartofjesus.love\/es\/wp-json\/wp\/v2\/pages\/1477\/?e-page-3e1aef0=25\"><span class=\"elementor-screen-only\">P\u00e1gina<\/span>25<\/a>\n<a class=\"page-numbers next\" href=\"https:\/\/heartofjesus.love\/es\/?e-page-3e1aef0=2\">Siguiente \"<\/a>\t\t<\/nav>\n\t\t\t\t\t\t<\/div>\n\t\t\t\t<\/div>\n\t\t\t\t\t<\/div>\n\t\t\t\t<\/div>\n\t\t\t\t<\/div>","protected":false},"excerpt":{"rendered":"<p>Most Recent Messages Our Lord and Savior Jesus says, \u201cMy Sacred Heart of love continues to call all souls to [&hellip;]<\/p>\n","protected":false},"author":1,"featured_media":0,"parent":0,"menu_order":0,"comment_status":"closed","ping_status":"closed","template":"","meta":{"_seopress_robots_primary_cat":"","_seopress_titles_title":"Heart of Jesus: Messages of Love","_seopress_titles_desc":"\u201cMy Sacred Heart of love continues to call all souls to my mercy, to repent and receive the forgiveness of my heart. For I love all and there is no sin that is greater than my mercy to forgive. No soul is exempt from my loving mercy.\"","_seopress_robots_index":"","_seopress_analysis_target_kw":"","nf_dc_page":"","site-sidebar-layout":"no-sidebar","site-content-layout":"","ast-site-content-layout":"full-width-container","site-content-style":"default","site-sidebar-style":"default","ast-global-header-display":"","ast-banner-title-visibility":"","ast-main-header-display":"","ast-hfb-above-header-display":"","ast-hfb-below-header-display":"","ast-hfb-mobile-header-display":"","site-post-title":"disabled","ast-breadcrumbs-content":"","ast-featured-img":"disabled","footer-sml-layout":"","ast-disable-related-posts":"","theme-transparent-header-meta":"","adv-header-id-meta":"","stick-header-meta":"","header-above-stick-meta":"","header-main-stick-meta":"","header-below-stick-meta":"","astra-migrate-meta-layouts":"default","ast-page-background-enabled":"default","ast-page-background-meta":{"desktop":{"background-color":"var(--ast-global-color-4)","background-image":"","background-repeat":"repeat","background-position":"center center","background-size":"auto","background-attachment":"scroll","background-type":"","background-media":"","overlay-type":"","overlay-color":"","overlay-opacity":"","overlay-gradient":""},"tablet":{"background-color":"","background-image":"","background-repeat":"repeat","background-position":"center center","background-size":"auto","background-attachment":"scroll","background-type":"","background-media":"","overlay-type":"","overlay-color":"","overlay-opacity":"","overlay-gradient":""},"mobile":{"background-color":"","background-image":"","background-repeat":"repeat","background-position":"center center","background-size":"auto","background-attachment":"scroll","background-type":"","background-media":"","overlay-type":"","overlay-color":"","overlay-opacity":"","overlay-gradient":""}},"ast-content-background-meta":{"desktop":{"background-color":"var(--ast-global-color-5)","background-image":"","background-repeat":"repeat","background-position":"center center","background-size":"auto","background-attachment":"scroll","background-type":"","background-media":"","overlay-type":"","overlay-color":"","overlay-opacity":"","overlay-gradient":""},"tablet":{"background-color":"var(--ast-global-color-5)","background-image":"","background-repeat":"repeat","background-position":"center center","background-size":"auto","background-attachment":"scroll","background-type":"","background-media":"","overlay-type":"","overlay-color":"","overlay-opacity":"","overlay-gradient":""},"mobile":{"background-color":"var(--ast-global-color-5)","background-image":"","background-repeat":"repeat","background-position":"center center","background-size":"auto","background-attachment":"scroll","background-type":"","background-media":"","overlay-type":"","overlay-color":"","overlay-opacity":"","overlay-gradient":""}},"iawp_total_views":2051,"footnotes":""},"class_list":["post-1477","page","type-page","status-publish","hentry"],"_links":{"self":[{"href":"https:\/\/heartofjesus.love\/es\/wp-json\/wp\/v2\/pages\/1477","targetHints":{"allow":["GET"]}}],"collection":[{"href":"https:\/\/heartofjesus.love\/es\/wp-json\/wp\/v2\/pages"}],"about":[{"href":"https:\/\/heartofjesus.love\/es\/wp-json\/wp\/v2\/types\/page"}],"author":[{"embeddable":true,"href":"https:\/\/heartofjesus.love\/es\/wp-json\/wp\/v2\/users\/1"}],"replies":[{"embeddable":true,"href":"https:\/\/heartofjesus.love\/es\/wp-json\/wp\/v2\/comments?post=1477"}],"version-history":[{"count":1,"href":"https:\/\/heartofjesus.love\/es\/wp-json\/wp\/v2\/pages\/1477\/revisions"}],"predecessor-version":[{"id":12223,"href":"https:\/\/heartofjesus.love\/es\/wp-json\/wp\/v2\/pages\/1477\/revisions\/12223"}],"wp:attachment":[{"href":"https:\/\/heartofjesus.love\/es\/wp-json\/wp\/v2\/media?parent=1477"}],"curies":[{"name":"wp","href":"https:\/\/api.w.org\/{rel}","templated":true}]}}