{"id":71,"date":"2024-02-23T14:28:47","date_gmt":"2024-02-23T13:28:47","guid":{"rendered":"https:\/\/heartofjesus.love\/?page_id=71"},"modified":"2025-07-20T14:59:21","modified_gmt":"2025-07-20T12:59:21","slug":"videos","status":"publish","type":"page","link":"https:\/\/heartofjesus.love\/es\/videos\/","title":{"rendered":"V\u00eddeos"},"content":{"rendered":"<div data-elementor-type=\"wp-page\" data-elementor-id=\"71\" class=\"elementor elementor-71\" data-elementor-post-type=\"page\">\n\t\t\t\t<div class=\"elementor-element elementor-element-9abee7d e-flex e-con-boxed e-con e-parent\" data-id=\"9abee7d\" data-element_type=\"container\" data-e-type=\"container\">\n\t\t\t\t\t<div class=\"e-con-inner\">\n\t\t\t\t<div class=\"elementor-element elementor-element-f4d1d18 elementor-widget elementor-widget-heading\" data-id=\"f4d1d18\" data-element_type=\"widget\" data-e-type=\"widget\" data-widget_type=\"heading.default\">\n\t\t\t\t<div class=\"elementor-widget-container\">\n\t\t\t\t\t<h2 class=\"elementor-heading-title elementor-size-default\">V\u00eddeos<\/h2>\t\t\t\t<\/div>\n\t\t\t\t<\/div>\n\t\t\t\t\t<\/div>\n\t\t\t\t<\/div>\n\t\t<div class=\"elementor-element elementor-element-20ac858 e-flex e-con-boxed e-con e-parent\" data-id=\"20ac858\" data-element_type=\"container\" data-e-type=\"container\">\n\t\t\t\t\t<div class=\"e-con-inner\">\n\t\t\t\t<div class=\"elementor-element elementor-element-3a7cb53 elementor-widget elementor-widget-text-editor\" data-id=\"3a7cb53\" data-element_type=\"widget\" data-e-type=\"widget\" data-widget_type=\"text-editor.default\">\n\t\t\t\t<div class=\"elementor-widget-container\">\n\t\t\t\t\t\t\t\t\t<p>Cada vez m\u00e1s mensajes de Greg est\u00e1n disponibles en formato de v\u00eddeo en su canal de YouTube:<\/p><p><a href=\"https:\/\/www.youtube.com\/@joybygregorykerr3418\" target=\"_blank\" rel=\"noopener\">https:\/\/www.youtube.com\/@joybygregorykerr3418\u00a0<\/a><\/p>\t\t\t\t\t\t\t\t<\/div>\n\t\t\t\t<\/div>\n\t\t\t\t\t<\/div>\n\t\t\t\t<\/div>\n\t\t<div class=\"elementor-element elementor-element-bf69fe4 e-flex e-con-boxed e-con e-parent\" data-id=\"bf69fe4\" data-element_type=\"container\" data-e-type=\"container\">\n\t\t\t\t\t<div class=\"e-con-inner\">\n\t\t<div class=\"elementor-element elementor-element-cc6b072 e-con-full e-flex e-con e-child\" data-id=\"cc6b072\" data-element_type=\"container\" data-e-type=\"container\">\n\t\t\t\t<div class=\"elementor-element elementor-element-613b8b8 elementor-widget elementor-widget-image\" data-id=\"613b8b8\" data-element_type=\"widget\" data-e-type=\"widget\" data-widget_type=\"image.default\">\n\t\t\t\t<div class=\"elementor-widget-container\">\n\t\t\t\t\t\t\t\t\t\t\t\t\t\t\t\t<a href=\"https:\/\/www.youtube.com\/watch?v=JNcpbvnhBpk\" target=\"_blank\">\n\t\t\t\t\t\t\t<img fetchpriority=\"high\" decoding=\"async\" width=\"1024\" height=\"768\" src=\"https:\/\/heartofjesus.love\/wp-content\/uploads\/Corto1-1024x768.jpg\" class=\"attachment-large size-large wp-image-8727\" alt=\"\" srcset=\"https:\/\/heartofjesus.love\/wp-content\/uploads\/Corto1-1024x768.jpg 1024w, https:\/\/heartofjesus.love\/wp-content\/uploads\/Corto1-300x225.jpg 300w, https:\/\/heartofjesus.love\/wp-content\/uploads\/Corto1-768x576.jpg 768w, https:\/\/heartofjesus.love\/wp-content\/uploads\/Corto1-16x12.jpg 16w, https:\/\/heartofjesus.love\/wp-content\/uploads\/Corto1.jpg 1440w\" sizes=\"(max-width: 1024px) 100vw, 1024px\" \/>\t\t\t\t\t\t\t\t<\/a>\n\t\t\t\t\t\t\t\t\t\t\t\t\t\t\t<\/div>\n\t\t\t\t<\/div>\n\t\t\t\t<\/div>\n\t\t<div class=\"elementor-element elementor-element-09f012f e-con-full e-flex e-con e-child\" data-id=\"09f012f\" data-element_type=\"container\" data-e-type=\"container\">\n\t\t\t\t<div class=\"elementor-element elementor-element-d13af86 elementor-widget elementor-widget-image\" data-id=\"d13af86\" data-element_type=\"widget\" data-e-type=\"widget\" data-widget_type=\"image.default\">\n\t\t\t\t<div class=\"elementor-widget-container\">\n\t\t\t\t\t\t\t\t\t\t\t\t\t\t\t\t<a href=\"https:\/\/www.youtube.com\/watch?v=BtqxuYxcEUk\" target=\"_blank\">\n\t\t\t\t\t\t\t<img decoding=\"async\" width=\"640\" height=\"360\" src=\"https:\/\/heartofjesus.love\/wp-content\/uploads\/Corto2.jpg\" class=\"attachment-large size-large wp-image-8728\" alt=\"\" srcset=\"https:\/\/heartofjesus.love\/wp-content\/uploads\/Corto2.jpg 640w, https:\/\/heartofjesus.love\/wp-content\/uploads\/Corto2-300x169.jpg 300w, https:\/\/heartofjesus.love\/wp-content\/uploads\/Corto2-18x10.jpg 18w\" sizes=\"(max-width: 640px) 100vw, 640px\" \/>\t\t\t\t\t\t\t\t<\/a>\n\t\t\t\t\t\t\t\t\t\t\t\t\t\t\t<\/div>\n\t\t\t\t<\/div>\n\t\t\t\t<\/div>\n\t\t\t\t\t<\/div>\n\t\t\t\t<\/div>\n\t\t<div class=\"elementor-element elementor-element-a208647 e-flex e-con-boxed e-con e-parent\" data-id=\"a208647\" data-element_type=\"container\" data-e-type=\"container\">\n\t\t\t\t\t<div class=\"e-con-inner\">\n\t\t\t\t<div class=\"elementor-element elementor-element-00d11af elementor-widget elementor-widget-heading\" data-id=\"00d11af\" data-element_type=\"widget\" data-e-type=\"widget\" data-widget_type=\"heading.default\">\n\t\t\t\t<div class=\"elementor-widget-container\">\n\t\t\t\t\t<h4 class=\"elementor-heading-title elementor-size-default\">*****<\/h4>\t\t\t\t<\/div>\n\t\t\t\t<\/div>\n\t\t\t\t\t<\/div>\n\t\t\t\t<\/div>\n\t\t<div class=\"elementor-element elementor-element-c7770fe e-flex e-con-boxed e-con e-parent\" data-id=\"c7770fe\" data-element_type=\"container\" data-e-type=\"container\">\n\t\t\t\t\t<div class=\"e-con-inner\">\n\t\t\t\t<div class=\"elementor-element elementor-element-0fd551c elementor-widget elementor-widget-text-editor\" data-id=\"0fd551c\" data-element_type=\"widget\" data-e-type=\"widget\" data-widget_type=\"text-editor.default\">\n\t\t\t\t<div class=\"elementor-widget-container\">\n\t\t\t\t\t\t\t\t\t<p>En el siguiente sitio biling\u00fce (ingl\u00e9s y espa\u00f1ol) de Mundo Cat\u00f3lico, Ciudad de M\u00e9xico, MX, se puede encontrar un gran n\u00famero de v\u00eddeos:<\/p><p><a href=\"https:\/\/www.youtube.com\/playlist?list=PL6MbRWBnpnUGLGFekoleGAHilUXf4fzV9\" target=\"_blank\" rel=\"noopener\">https:\/\/www.youtube.com\/playlist?list=PL6MbRWBnpnUGLGFekoleGAHilUXf4fzV9<\/a><\/p>\t\t\t\t\t\t\t\t<\/div>\n\t\t\t\t<\/div>\n\t\t\t\t\t<\/div>\n\t\t\t\t<\/div>\n\t\t<div class=\"elementor-element elementor-element-4bc2fd1 e-flex e-con-boxed e-con e-parent\" data-id=\"4bc2fd1\" data-element_type=\"container\" data-e-type=\"container\">\n\t\t\t\t\t<div class=\"e-con-inner\">\n\t\t\t\t<div class=\"elementor-element elementor-element-4fc966c elementor-widget elementor-widget-image\" data-id=\"4fc966c\" data-element_type=\"widget\" data-e-type=\"widget\" data-widget_type=\"image.default\">\n\t\t\t\t<div class=\"elementor-widget-container\">\n\t\t\t\t\t\t\t\t\t\t\t\t\t\t\t\t<a href=\"https:\/\/www.youtube.com\/playlist?list=PL6MbRWBnpnUGLGFekoleGAHilUXf4fzV9\" target=\"_blank\">\n\t\t\t\t\t\t\t<img decoding=\"async\" width=\"336\" height=\"188\" src=\"https:\/\/heartofjesus.love\/wp-content\/uploads\/2024\/02\/Mundo-Catalico.jpg\" class=\"attachment-large size-large wp-image-447\" alt=\"Mundo-Cat\u00f3lico Estatua de Mar\u00eda\" srcset=\"https:\/\/heartofjesus.love\/wp-content\/uploads\/2024\/02\/Mundo-Catalico.jpg 336w, https:\/\/heartofjesus.love\/wp-content\/uploads\/2024\/02\/Mundo-Catalico-300x168.jpg 300w\" sizes=\"(max-width: 336px) 100vw, 336px\" \/>\t\t\t\t\t\t\t\t<\/a>\n\t\t\t\t\t\t\t\t\t\t\t\t\t\t\t<\/div>\n\t\t\t\t<\/div>\n\t\t\t\t\t<\/div>\n\t\t\t\t<\/div>\n\t\t<div class=\"elementor-element elementor-element-2e44282 e-flex e-con-boxed e-con e-parent\" data-id=\"2e44282\" data-element_type=\"container\" data-e-type=\"container\">\n\t\t\t\t\t<div class=\"e-con-inner\">\n\t\t\t\t<div class=\"elementor-element elementor-element-ba354bb elementor-widget elementor-widget-heading\" data-id=\"ba354bb\" data-element_type=\"widget\" data-e-type=\"widget\" data-widget_type=\"heading.default\">\n\t\t\t\t<div class=\"elementor-widget-container\">\n\t\t\t\t\t<h4 class=\"elementor-heading-title elementor-size-default\">*****<\/h4>\t\t\t\t<\/div>\n\t\t\t\t<\/div>\n\t\t\t\t\t<\/div>\n\t\t\t\t<\/div>\n\t\t<div class=\"elementor-element elementor-element-58a6cf9 e-flex e-con-boxed e-con e-parent\" data-id=\"58a6cf9\" data-element_type=\"container\" data-e-type=\"container\">\n\t\t\t\t\t<div class=\"e-con-inner\">\n\t\t\t\t<div class=\"elementor-element elementor-element-fdec5e9 elementor-widget elementor-widget-text-editor\" data-id=\"fdec5e9\" data-element_type=\"widget\" data-e-type=\"widget\" data-widget_type=\"text-editor.default\">\n\t\t\t\t<div class=\"elementor-widget-container\">\n\t\t\t\t\t\t\t\t\t<p>La serie Mensajes del Coraz\u00f3n de Mar\u00eda es una colecci\u00f3n de entrevistas con Gregory en las que responde a numerosas preguntas sobre los mensajes\/visiones, su prop\u00f3sito y c\u00f3mo aplicarlos a la vida personal.<\/p>\t\t\t\t\t\t\t\t<\/div>\n\t\t\t\t<\/div>\n\t\t\t\t\t<\/div>\n\t\t\t\t<\/div>\n\t\t<div class=\"elementor-element elementor-element-da00fd7 e-flex e-con-boxed e-con e-parent\" data-id=\"da00fd7\" data-element_type=\"container\" data-e-type=\"container\">\n\t\t\t\t\t<div class=\"e-con-inner\">\n\t\t<div class=\"elementor-element elementor-element-5307b5a e-con-full e-flex e-con e-child\" data-id=\"5307b5a\" data-element_type=\"container\" data-e-type=\"container\">\n\t\t\t\t<div class=\"elementor-element elementor-element-11bbd92 elementor-widget elementor-widget-image\" data-id=\"11bbd92\" data-element_type=\"widget\" data-e-type=\"widget\" data-widget_type=\"image.default\">\n\t\t\t\t<div class=\"elementor-widget-container\">\n\t\t\t\t\t\t\t\t\t\t\t\t\t\t\t\t<a href=\"https:\/\/youtu.be\/k9wPtN3ihek\" target=\"_blank\">\n\t\t\t\t\t\t\t<img loading=\"lazy\" decoding=\"async\" width=\"366\" height=\"188\" src=\"https:\/\/heartofjesus.love\/wp-content\/uploads\/Marys-Heart-1.png\" class=\"attachment-large size-large wp-image-9055\" alt=\"\" srcset=\"https:\/\/heartofjesus.love\/wp-content\/uploads\/Marys-Heart-1.png 366w, https:\/\/heartofjesus.love\/wp-content\/uploads\/Marys-Heart-1-300x154.png 300w, https:\/\/heartofjesus.love\/wp-content\/uploads\/Marys-Heart-1-18x9.png 18w\" sizes=\"(max-width: 366px) 100vw, 366px\" \/>\t\t\t\t\t\t\t\t<\/a>\n\t\t\t\t\t\t\t\t\t\t\t\t\t\t\t<\/div>\n\t\t\t\t<\/div>\n\t\t\t\t<\/div>\n\t\t<div class=\"elementor-element elementor-element-e87764c e-con-full e-flex e-con e-child\" data-id=\"e87764c\" data-element_type=\"container\" data-e-type=\"container\">\n\t\t\t\t<div class=\"elementor-element elementor-element-48102eb elementor-widget elementor-widget-image\" data-id=\"48102eb\" data-element_type=\"widget\" data-e-type=\"widget\" data-widget_type=\"image.default\">\n\t\t\t\t<div class=\"elementor-widget-container\">\n\t\t\t\t\t\t\t\t\t\t\t\t\t\t\t\t<a href=\"https:\/\/youtu.be\/Rd-_GJUaYGc\" target=\"_blank\">\n\t\t\t\t\t\t\t<img loading=\"lazy\" decoding=\"async\" width=\"366\" height=\"188\" src=\"https:\/\/heartofjesus.love\/wp-content\/uploads\/Marys-Heart-2.png\" class=\"attachment-large size-large wp-image-9056\" alt=\"\" srcset=\"https:\/\/heartofjesus.love\/wp-content\/uploads\/Marys-Heart-2.png 366w, https:\/\/heartofjesus.love\/wp-content\/uploads\/Marys-Heart-2-300x154.png 300w, https:\/\/heartofjesus.love\/wp-content\/uploads\/Marys-Heart-2-18x9.png 18w\" sizes=\"(max-width: 366px) 100vw, 366px\" \/>\t\t\t\t\t\t\t\t<\/a>\n\t\t\t\t\t\t\t\t\t\t\t\t\t\t\t<\/div>\n\t\t\t\t<\/div>\n\t\t\t\t<\/div>\n\t\t<div class=\"elementor-element elementor-element-4ca56be e-con-full e-flex e-con e-child\" data-id=\"4ca56be\" data-element_type=\"container\" data-e-type=\"container\">\n\t\t\t\t<div class=\"elementor-element elementor-element-a3ddb1d elementor-widget elementor-widget-image\" data-id=\"a3ddb1d\" data-element_type=\"widget\" data-e-type=\"widget\" data-widget_type=\"image.default\">\n\t\t\t\t<div class=\"elementor-widget-container\">\n\t\t\t\t\t\t\t\t\t\t\t\t\t\t\t\t<a href=\"https:\/\/youtu.be\/EvisR1ol2eg\" target=\"_blank\">\n\t\t\t\t\t\t\t<img loading=\"lazy\" decoding=\"async\" width=\"366\" height=\"188\" src=\"https:\/\/heartofjesus.love\/wp-content\/uploads\/Marys-Heart-3.png\" class=\"attachment-large size-large wp-image-9057\" alt=\"\" srcset=\"https:\/\/heartofjesus.love\/wp-content\/uploads\/Marys-Heart-3.png 366w, https:\/\/heartofjesus.love\/wp-content\/uploads\/Marys-Heart-3-300x154.png 300w, https:\/\/heartofjesus.love\/wp-content\/uploads\/Marys-Heart-3-18x9.png 18w\" sizes=\"(max-width: 366px) 100vw, 366px\" \/>\t\t\t\t\t\t\t\t<\/a>\n\t\t\t\t\t\t\t\t\t\t\t\t\t\t\t<\/div>\n\t\t\t\t<\/div>\n\t\t\t\t<\/div>\n\t\t<div class=\"elementor-element elementor-element-9e066a7 e-con-full e-flex e-con e-child\" data-id=\"9e066a7\" data-element_type=\"container\" data-e-type=\"container\">\n\t\t\t\t<div class=\"elementor-element elementor-element-2b2be8c elementor-widget elementor-widget-image\" data-id=\"2b2be8c\" data-element_type=\"widget\" data-e-type=\"widget\" data-widget_type=\"image.default\">\n\t\t\t\t<div class=\"elementor-widget-container\">\n\t\t\t\t\t\t\t\t\t\t\t\t\t\t\t\t<a href=\"https:\/\/www.youtube.com\/watch?v=0gt7WNF7dz0\" target=\"_blank\">\n\t\t\t\t\t\t\t<img loading=\"lazy\" decoding=\"async\" width=\"366\" height=\"188\" src=\"https:\/\/heartofjesus.love\/wp-content\/uploads\/Marys-Heart-4.png\" class=\"attachment-large size-large wp-image-9058\" alt=\"\" srcset=\"https:\/\/heartofjesus.love\/wp-content\/uploads\/Marys-Heart-4.png 366w, https:\/\/heartofjesus.love\/wp-content\/uploads\/Marys-Heart-4-300x154.png 300w, https:\/\/heartofjesus.love\/wp-content\/uploads\/Marys-Heart-4-18x9.png 18w\" sizes=\"(max-width: 366px) 100vw, 366px\" \/>\t\t\t\t\t\t\t\t<\/a>\n\t\t\t\t\t\t\t\t\t\t\t\t\t\t\t<\/div>\n\t\t\t\t<\/div>\n\t\t\t\t<\/div>\n\t\t\t\t\t<\/div>\n\t\t\t\t<\/div>\n\t\t<div class=\"elementor-element elementor-element-4364a54 e-flex e-con-boxed e-con e-parent\" data-id=\"4364a54\" data-element_type=\"container\" data-e-type=\"container\">\n\t\t\t\t\t<div class=\"e-con-inner\">\n\t\t<div class=\"elementor-element elementor-element-40ec4f9 e-con-full e-flex e-con e-child\" data-id=\"40ec4f9\" data-element_type=\"container\" data-e-type=\"container\">\n\t\t\t\t<div class=\"elementor-element elementor-element-6ca6bef elementor-widget elementor-widget-image\" data-id=\"6ca6bef\" data-element_type=\"widget\" data-e-type=\"widget\" data-widget_type=\"image.default\">\n\t\t\t\t<div class=\"elementor-widget-container\">\n\t\t\t\t\t\t\t\t\t\t\t\t\t\t\t\t<a href=\"https:\/\/youtu.be\/Y4msNQBg53s\" target=\"_blank\">\n\t\t\t\t\t\t\t<img loading=\"lazy\" decoding=\"async\" width=\"366\" height=\"188\" src=\"https:\/\/heartofjesus.love\/wp-content\/uploads\/Marys-heart-5.png\" class=\"attachment-large size-large wp-image-9064\" alt=\"\" srcset=\"https:\/\/heartofjesus.love\/wp-content\/uploads\/Marys-heart-5.png 366w, https:\/\/heartofjesus.love\/wp-content\/uploads\/Marys-heart-5-300x154.png 300w, https:\/\/heartofjesus.love\/wp-content\/uploads\/Marys-heart-5-18x9.png 18w\" sizes=\"(max-width: 366px) 100vw, 366px\" \/>\t\t\t\t\t\t\t\t<\/a>\n\t\t\t\t\t\t\t\t\t\t\t\t\t\t\t<\/div>\n\t\t\t\t<\/div>\n\t\t\t\t<\/div>\n\t\t<div class=\"elementor-element elementor-element-dba09fb e-con-full e-flex e-con e-child\" data-id=\"dba09fb\" data-element_type=\"container\" data-e-type=\"container\">\n\t\t\t\t<div class=\"elementor-element elementor-element-1d23312 elementor-widget elementor-widget-image\" data-id=\"1d23312\" data-element_type=\"widget\" data-e-type=\"widget\" data-widget_type=\"image.default\">\n\t\t\t\t<div class=\"elementor-widget-container\">\n\t\t\t\t\t\t\t\t\t\t\t\t\t\t\t\t<a href=\"https:\/\/www.youtube.com\/watch?v=s-2IONc1F-w\" target=\"_blank\">\n\t\t\t\t\t\t\t<img loading=\"lazy\" decoding=\"async\" width=\"366\" height=\"188\" src=\"https:\/\/heartofjesus.love\/wp-content\/uploads\/Marys-Heart-6.png\" class=\"attachment-large size-large wp-image-9065\" alt=\"\" srcset=\"https:\/\/heartofjesus.love\/wp-content\/uploads\/Marys-Heart-6.png 366w, https:\/\/heartofjesus.love\/wp-content\/uploads\/Marys-Heart-6-300x154.png 300w, https:\/\/heartofjesus.love\/wp-content\/uploads\/Marys-Heart-6-18x9.png 18w\" sizes=\"(max-width: 366px) 100vw, 366px\" \/>\t\t\t\t\t\t\t\t<\/a>\n\t\t\t\t\t\t\t\t\t\t\t\t\t\t\t<\/div>\n\t\t\t\t<\/div>\n\t\t\t\t<\/div>\n\t\t<div class=\"elementor-element elementor-element-cdcf28a e-con-full e-flex e-con e-child\" data-id=\"cdcf28a\" data-element_type=\"container\" data-e-type=\"container\">\n\t\t\t\t<div class=\"elementor-element elementor-element-1ade99d elementor-widget elementor-widget-image\" data-id=\"1ade99d\" data-element_type=\"widget\" data-e-type=\"widget\" data-widget_type=\"image.default\">\n\t\t\t\t<div class=\"elementor-widget-container\">\n\t\t\t\t\t\t\t\t\t\t\t\t\t\t\t\t<a href=\"https:\/\/youtu.be\/ro3r_Aq97pI\" target=\"_blank\">\n\t\t\t\t\t\t\t<img loading=\"lazy\" decoding=\"async\" width=\"366\" height=\"188\" src=\"https:\/\/heartofjesus.love\/wp-content\/uploads\/Marys-Heart-7.png\" class=\"attachment-large size-large wp-image-9066\" alt=\"\" srcset=\"https:\/\/heartofjesus.love\/wp-content\/uploads\/Marys-Heart-7.png 366w, https:\/\/heartofjesus.love\/wp-content\/uploads\/Marys-Heart-7-300x154.png 300w, https:\/\/heartofjesus.love\/wp-content\/uploads\/Marys-Heart-7-18x9.png 18w\" sizes=\"(max-width: 366px) 100vw, 366px\" \/>\t\t\t\t\t\t\t\t<\/a>\n\t\t\t\t\t\t\t\t\t\t\t\t\t\t\t<\/div>\n\t\t\t\t<\/div>\n\t\t\t\t<\/div>\n\t\t<div class=\"elementor-element elementor-element-7d425ed e-con-full e-flex e-con e-child\" data-id=\"7d425ed\" data-element_type=\"container\" data-e-type=\"container\">\n\t\t\t\t<div class=\"elementor-element elementor-element-1ecf642 elementor-widget elementor-widget-image\" data-id=\"1ecf642\" data-element_type=\"widget\" data-e-type=\"widget\" data-widget_type=\"image.default\">\n\t\t\t\t<div class=\"elementor-widget-container\">\n\t\t\t\t\t\t\t\t\t\t\t\t\t\t\t\t<a href=\"https:\/\/www.youtube.com\/watch?v=kr7jghpUMkU\" target=\"_blank\">\n\t\t\t\t\t\t\t<img loading=\"lazy\" decoding=\"async\" width=\"366\" height=\"188\" src=\"https:\/\/heartofjesus.love\/wp-content\/uploads\/Marys-Heart-8.png\" class=\"attachment-large size-large wp-image-9063\" alt=\"\" srcset=\"https:\/\/heartofjesus.love\/wp-content\/uploads\/Marys-Heart-8.png 366w, https:\/\/heartofjesus.love\/wp-content\/uploads\/Marys-Heart-8-300x154.png 300w, https:\/\/heartofjesus.love\/wp-content\/uploads\/Marys-Heart-8-18x9.png 18w\" sizes=\"(max-width: 366px) 100vw, 366px\" \/>\t\t\t\t\t\t\t\t<\/a>\n\t\t\t\t\t\t\t\t\t\t\t\t\t\t\t<\/div>\n\t\t\t\t<\/div>\n\t\t\t\t<\/div>\n\t\t\t\t\t<\/div>\n\t\t\t\t<\/div>\n\t\t\t\t<\/div>","protected":false},"excerpt":{"rendered":"<p>Videos An increasing number of Greg\u2019s messages are available in video format on his YouTube channel: https:\/\/www.youtube.com\/@joybygregorykerr3418\u00a0 ***** A large [&hellip;]<\/p>\n","protected":false},"author":1,"featured_media":0,"parent":0,"menu_order":7,"comment_status":"closed","ping_status":"closed","template":"elementor_header_footer","meta":{"_seopress_robots_primary_cat":"","_seopress_titles_title":"Heart of Jesus: Videos","_seopress_titles_desc":"Numerous videos can be found on this site as well as YouTube and Mundo Cat\u00f3lico, all easily accessible through this site.","_seopress_robots_index":"","nf_dc_page":"","site-sidebar-layout":"no-sidebar","site-content-layout":"","ast-site-content-layout":"full-width-container","site-content-style":"default","site-sidebar-style":"default","ast-global-header-display":"","ast-banner-title-visibility":"","ast-main-header-display":"","ast-hfb-above-header-display":"","ast-hfb-below-header-display":"","ast-hfb-mobile-header-display":"","site-post-title":"disabled","ast-breadcrumbs-content":"","ast-featured-img":"disabled","footer-sml-layout":"","ast-disable-related-posts":"","theme-transparent-header-meta":"","adv-header-id-meta":"","stick-header-meta":"","header-above-stick-meta":"","header-main-stick-meta":"","header-below-stick-meta":"","astra-migrate-meta-layouts":"default","ast-page-background-enabled":"default","ast-page-background-meta":{"desktop":{"background-color":"var(--ast-global-color-4)","background-image":"","background-repeat":"repeat","background-position":"center center","background-size":"auto","background-attachment":"scroll","background-type":"","background-media":"","overlay-type":"","overlay-color":"","overlay-opacity":"","overlay-gradient":""},"tablet":{"background-color":"","background-image":"","background-repeat":"repeat","background-position":"center center","background-size":"auto","background-attachment":"scroll","background-type":"","background-media":"","overlay-type":"","overlay-color":"","overlay-opacity":"","overlay-gradient":""},"mobile":{"background-color":"","background-image":"","background-repeat":"repeat","background-position":"center center","background-size":"auto","background-attachment":"scroll","background-type":"","background-media":"","overlay-type":"","overlay-color":"","overlay-opacity":"","overlay-gradient":""}},"ast-content-background-meta":{"desktop":{"background-color":"var(--ast-global-color-5)","background-image":"","background-repeat":"repeat","background-position":"center center","background-size":"auto","background-attachment":"scroll","background-type":"","background-media":"","overlay-type":"","overlay-color":"","overlay-opacity":"","overlay-gradient":""},"tablet":{"background-color":"var(--ast-global-color-5)","background-image":"","background-repeat":"repeat","background-position":"center center","background-size":"auto","background-attachment":"scroll","background-type":"","background-media":"","overlay-type":"","overlay-color":"","overlay-opacity":"","overlay-gradient":""},"mobile":{"background-color":"var(--ast-global-color-5)","background-image":"","background-repeat":"repeat","background-position":"center center","background-size":"auto","background-attachment":"scroll","background-type":"","background-media":"","overlay-type":"","overlay-color":"","overlay-opacity":"","overlay-gradient":""}},"iawp_total_views":339,"footnotes":""},"class_list":["post-71","page","type-page","status-publish","hentry"],"_links":{"self":[{"href":"https:\/\/heartofjesus.love\/es\/wp-json\/wp\/v2\/pages\/71","targetHints":{"allow":["GET"]}}],"collection":[{"href":"https:\/\/heartofjesus.love\/es\/wp-json\/wp\/v2\/pages"}],"about":[{"href":"https:\/\/heartofjesus.love\/es\/wp-json\/wp\/v2\/types\/page"}],"author":[{"embeddable":true,"href":"https:\/\/heartofjesus.love\/es\/wp-json\/wp\/v2\/users\/1"}],"replies":[{"embeddable":true,"href":"https:\/\/heartofjesus.love\/es\/wp-json\/wp\/v2\/comments?post=71"}],"version-history":[{"count":1,"href":"https:\/\/heartofjesus.love\/es\/wp-json\/wp\/v2\/pages\/71\/revisions"}],"predecessor-version":[{"id":12247,"href":"https:\/\/heartofjesus.love\/es\/wp-json\/wp\/v2\/pages\/71\/revisions\/12247"}],"wp:attachment":[{"href":"https:\/\/heartofjesus.love\/es\/wp-json\/wp\/v2\/media?parent=71"}],"curies":[{"name":"wp","href":"https:\/\/api.w.org\/{rel}","templated":true}]}}