{"id":1477,"date":"2024-03-09T00:21:11","date_gmt":"2024-03-08T23:21:11","guid":{"rendered":"https:\/\/heartofjesus.love\/?page_id=1477"},"modified":"2025-08-30T22:13:29","modified_gmt":"2025-08-30T20:13:29","slug":"casa","status":"publish","type":"page","link":"https:\/\/heartofjesus.love\/it\/home\/","title":{"rendered":"Casa"},"content":{"rendered":"<div data-elementor-type=\"wp-page\" data-elementor-id=\"1477\" class=\"elementor elementor-1477\" data-elementor-post-type=\"page\">\n\t\t\t\t<div class=\"elementor-element elementor-element-03aa59f elementor-hidden-tablet elementor-hidden-desktop e-flex e-con-boxed e-con e-parent\" data-id=\"03aa59f\" data-element_type=\"container\" data-e-type=\"container\">\n\t\t\t\t\t<div class=\"e-con-inner\">\n\t\t\t\t<div class=\"elementor-element elementor-element-ec3886c elementor-align-center elementor-mobile-align-center elementor-hidden-desktop elementor-hidden-tablet elementor-widget elementor-widget-button\" data-id=\"ec3886c\" data-element_type=\"widget\" data-e-type=\"widget\" data-widget_type=\"button.default\">\n\t\t\t\t<div class=\"elementor-widget-container\">\n\t\t\t\t\t\t\t\t\t<div class=\"elementor-button-wrapper\">\n\t\t\t\t\t<a class=\"elementor-button elementor-button-link elementor-size-sm\" href=\"#recentmessages\">\n\t\t\t\t\t\t<span class=\"elementor-button-content-wrapper\">\n\t\t\t\t\t\t\t\t\t<span class=\"elementor-button-text\">Messaggi pi\u00f9 recenti<\/span>\n\t\t\t\t\t<\/span>\n\t\t\t\t\t<\/a>\n\t\t\t\t<\/div>\n\t\t\t\t\t\t\t\t<\/div>\n\t\t\t\t<\/div>\n\t\t\t\t\t<\/div>\n\t\t\t\t<\/div>\n\t\t<div class=\"elementor-element elementor-element-6bd6bfd e-flex e-con-boxed e-con e-parent\" data-id=\"6bd6bfd\" data-element_type=\"container\" data-e-type=\"container\">\n\t\t\t\t\t<div class=\"e-con-inner\">\n\t\t\t\t<div class=\"elementor-element elementor-element-f3b7269 elementor-widget elementor-widget-image\" data-id=\"f3b7269\" data-element_type=\"widget\" data-e-type=\"widget\" data-widget_type=\"image.default\">\n\t\t\t\t<div class=\"elementor-widget-container\">\n\t\t\t\t\t\t\t\t\t\t\t\t\t\t\t<img fetchpriority=\"high\" decoding=\"async\" width=\"760\" height=\"374\" src=\"https:\/\/heartofjesus.love\/wp-content\/uploads\/2024\/02\/sacred-heart-banner.jpg\" class=\"attachment-large size-large wp-image-210\" alt=\"Sacro Cuore di Ges\u00f9\" srcset=\"https:\/\/heartofjesus.love\/wp-content\/uploads\/2024\/02\/sacred-heart-banner.jpg 760w, https:\/\/heartofjesus.love\/wp-content\/uploads\/2024\/02\/sacred-heart-banner-300x148.jpg 300w\" sizes=\"(max-width: 760px) 100vw, 760px\" \/>\t\t\t\t\t\t\t\t\t\t\t\t\t\t\t<\/div>\n\t\t\t\t<\/div>\n\t\t\t\t\t<\/div>\n\t\t\t\t<\/div>\n\t\t<div class=\"elementor-element elementor-element-5671b45 e-flex e-con-boxed e-con e-parent\" data-id=\"5671b45\" data-element_type=\"container\" data-e-type=\"container\">\n\t\t\t\t\t<div class=\"e-con-inner\">\n\t\t\t\t<div class=\"elementor-element elementor-element-2f562e8 elementor-widget elementor-widget-text-editor\" data-id=\"2f562e8\" data-element_type=\"widget\" data-e-type=\"widget\" data-widget_type=\"text-editor.default\">\n\t\t\t\t<div class=\"elementor-widget-container\">\n\t\t\t\t\t\t\t\t\t<p><em>Il nostro Signore e Salvatore Ges\u00f9 dice, <\/em>\"Il mio Sacro Cuore d'amore continua a richiamare tutte le anime alla mia misericordia, a pentirsi e a <span style=\"font-family: 'Noto Serif';\">ricevere<\/span> il perdono del mio cuore. Perch\u00e9 io amo tutti e non c'\u00e8 peccato che sia pi\u00f9 grande della mia misericordia nel perdonare. Nessuna anima \u00e8 esente dalla mia amorevole misericordia.<\/p><p>Chiamo tutti gli uomini ai piedi della mia Croce, alla gloria del mio amore, a cercarmi con tutto il cuore, per essere trasformati e preparati alla gloria della vita eterna nella loro salvezza.<\/p><p>L'amore apre le porte del cielo per ogni anima che mi cerca nella mia misericordia e desidera amarmi in eterno. Non potete immaginare la gloria dell'amore che ho per i miei figli.<\/p><p>Cercatemi con tutto il cuore e mi troverete ad aspettarvi a braccia aperte nella mia amorevole misericordia per abbracciarvi. Il potere della Croce \u00e8 il potere del mio sacrificio d'amore per le anime, per guarirle nella mia misericordia, per perdonarle e per riportare la gioia, la grande gioia, nei loro cuori.<\/p><p>S\u00ec, prima l'amore, poi la misericordia\".<\/p>\t\t\t\t\t\t\t\t<\/div>\n\t\t\t\t<\/div>\n\t\t\t\t\t<\/div>\n\t\t\t\t<\/div>\n\t\t<div class=\"elementor-element elementor-element-a1a9d30 elementor-hidden-desktop elementor-hidden-tablet e-flex e-con-boxed e-con e-parent\" data-id=\"a1a9d30\" data-element_type=\"container\" data-e-type=\"container\" id=\"recentmessages\">\n\t\t\t\t\t<div class=\"e-con-inner\">\n\t\t\t\t\t<\/div>\n\t\t\t\t<\/div>\n\t\t<div class=\"elementor-element elementor-element-9b1a209 e-flex e-con-boxed e-con e-parent\" data-id=\"9b1a209\" data-element_type=\"container\" data-e-type=\"container\">\n\t\t\t\t\t<div class=\"e-con-inner\">\n\t\t\t\t<div class=\"elementor-element elementor-element-2e8e2ff elementor-widget elementor-widget-heading\" data-id=\"2e8e2ff\" data-element_type=\"widget\" data-e-type=\"widget\" data-widget_type=\"heading.default\">\n\t\t\t\t<div class=\"elementor-widget-container\">\n\t\t\t\t\t<h3 class=\"elementor-heading-title elementor-size-default\">Messaggi pi\u00f9 recenti<\/h3>\t\t\t\t<\/div>\n\t\t\t\t<\/div>\n\t\t\t\t\t<\/div>\n\t\t\t\t<\/div>\n\t\t<div class=\"elementor-element elementor-element-2e76e2b e-flex e-con-boxed e-con e-parent\" data-id=\"2e76e2b\" data-element_type=\"container\" data-e-type=\"container\">\n\t\t\t\t\t<div class=\"e-con-inner\">\n\t\t\t\t<div class=\"elementor-element elementor-element-3e1aef0 elementor-posts--thumbnail-none elementor-grid-3 elementor-grid-tablet-2 elementor-grid-mobile-1 elementor-card-shadow-yes elementor-posts__hover-gradient elementor-widget elementor-widget-posts\" data-id=\"3e1aef0\" data-element_type=\"widget\" data-e-type=\"widget\" data-settings=\"{&quot;cards_row_gap&quot;:{&quot;unit&quot;:&quot;px&quot;,&quot;size&quot;:20,&quot;sizes&quot;:[]},&quot;pagination_type&quot;:&quot;numbers_and_prev_next&quot;,&quot;cards_columns&quot;:&quot;3&quot;,&quot;cards_columns_tablet&quot;:&quot;2&quot;,&quot;cards_columns_mobile&quot;:&quot;1&quot;,&quot;cards_row_gap_tablet&quot;:{&quot;unit&quot;:&quot;px&quot;,&quot;size&quot;:&quot;&quot;,&quot;sizes&quot;:[]},&quot;cards_row_gap_mobile&quot;:{&quot;unit&quot;:&quot;px&quot;,&quot;size&quot;:&quot;&quot;,&quot;sizes&quot;:[]}}\" data-widget_type=\"posts.cards\">\n\t\t\t\t<div class=\"elementor-widget-container\">\n\t\t\t\t\t\t\t<div class=\"elementor-posts-container elementor-posts elementor-posts--skin-cards elementor-grid\" role=\"list\">\n\t\t\t\t<article class=\"elementor-post elementor-grid-item post-14228 post type-post status-publish format-standard hentry category-uncategorized\" role=\"listitem\">\n\t\t\t<div class=\"elementor-post__card\">\n\t\t\t\t<div class=\"elementor-post__text\">\n\t\t\t\t<h3 class=\"elementor-post__title\">\n\t\t\t<a href=\"https:\/\/heartofjesus.love\/it\/what-good-is-it-to-gain-the-whole-world-if-you-lose-me\/\" >\n\t\t\t\tA che serve guadagnare il mondo intero se poi si perde me?\t\t\t<\/a>\n\t\t<\/h3>\n\t\t\t\t<div class=\"elementor-post__excerpt\">\n\t\t\t<p>\u201cTi amo, figlio mio, e sono con te. Come hai detto a te stesso, a che serve guadagnare il mondo intero se poi mi perdi?\u201d. Ges\u00f9, ti amo. Ti amo. Prendimi tra le tue braccia di paradiso e tienimi l\u00ec per sempre. Accoglimi in<\/p>\n\t\t<\/div>\n\t\t\t\t<\/div>\n\t\t\t\t<div class=\"elementor-post__meta-data\">\n\t\t\t\t\t<span class=\"elementor-post-date\">\n\t\t\t19 aprile 2026\t\t<\/span>\n\t\t\t\t<\/div>\n\t\t\t\t\t<\/div>\n\t\t<\/article>\n\t\t\t\t<article class=\"elementor-post elementor-grid-item post-14224 post type-post status-publish format-standard hentry category-uncategorized\" role=\"listitem\">\n\t\t\t<div class=\"elementor-post__card\">\n\t\t\t\t<div class=\"elementor-post__text\">\n\t\t\t\t<h3 class=\"elementor-post__title\">\n\t\t\t<a href=\"https:\/\/heartofjesus.love\/it\/when-i-was-a-boy-i-used-to-lie-in-the-grass\/\" >\n\t\t\t\tQuando ero un ragazzo, mi sdraiavo sull'erba\t\t\t<\/a>\n\t\t<\/h3>\n\t\t\t\t<div class=\"elementor-post__excerpt\">\n\t\t\t<p>\u2018Mio Signore e mio amore. Tu mi hai dato tutto. Che la luce eterna della tua gloria risplenda in me. Quando ero ragazzo, mi sdraiavo sull'erba. Era caldo e potevo sentire la terra che viveva sotto di me. Quando ero un ragazzo, io<\/p>\n\t\t<\/div>\n\t\t\t\t<\/div>\n\t\t\t\t<div class=\"elementor-post__meta-data\">\n\t\t\t\t\t<span class=\"elementor-post-date\">\n\t\t\t19 aprile 2026\t\t<\/span>\n\t\t\t\t<\/div>\n\t\t\t\t\t<\/div>\n\t\t<\/article>\n\t\t\t\t<article class=\"elementor-post elementor-grid-item post-14220 post type-post status-publish format-standard hentry category-uncategorized\" role=\"listitem\">\n\t\t\t<div class=\"elementor-post__card\">\n\t\t\t\t<div class=\"elementor-post__text\">\n\t\t\t\t<h3 class=\"elementor-post__title\">\n\t\t\t<a href=\"https:\/\/heartofjesus.love\/it\/observe-love-in-all-things\/\" >\n\t\t\t\tOsservare l'amore in tutte le cose\t\t\t<\/a>\n\t\t<\/h3>\n\t\t\t\t<div class=\"elementor-post__excerpt\">\n\t\t\t<p>\u2018Mio caro Signore, come posso vivere questo giorno in modo pi\u00f9 completo per portare gioia al tuo cuore e per glorificare il tuo nome nel cuore degli altri?\u2019. \u201cFiglio mio, resta vicino a me aprendo il tuo cuore per ricevermi durante la giornata. Le mie parole sono la tua forza e<\/p>\n\t\t<\/div>\n\t\t\t\t<\/div>\n\t\t\t\t<div class=\"elementor-post__meta-data\">\n\t\t\t\t\t<span class=\"elementor-post-date\">\n\t\t\t18 aprile 2026\t\t<\/span>\n\t\t\t\t<\/div>\n\t\t\t\t\t<\/div>\n\t\t<\/article>\n\t\t\t\t<article class=\"elementor-post elementor-grid-item post-14216 post type-post status-publish format-standard hentry category-uncategorized\" role=\"listitem\">\n\t\t\t<div class=\"elementor-post__card\">\n\t\t\t\t<div class=\"elementor-post__text\">\n\t\t\t\t<h3 class=\"elementor-post__title\">\n\t\t\t<a href=\"https:\/\/heartofjesus.love\/it\/breathe-in-the-winds-of-the-spirit-of-my-love\/\" >\n\t\t\t\tRespirate i venti dello Spirito del mio amore\t\t\t<\/a>\n\t\t<\/h3>\n\t\t\t\t<div class=\"elementor-post__excerpt\">\n\t\t\t<p>\u201cFiglio mio, vieni tra le mie braccia di misericordia, perch\u00e9 non importa lo stato della tua anima, nella quale non puoi giudicare te stesso. N\u00e9 dove sei o cosa stai facendo. Perch\u00e9 io, il tuo Signore, il tuo Dio onnipotente d'amore, sono sempre con te. E desidero<\/p>\n\t\t<\/div>\n\t\t\t\t<\/div>\n\t\t\t\t<div class=\"elementor-post__meta-data\">\n\t\t\t\t\t<span class=\"elementor-post-date\">\n\t\t\t18 aprile 2026\t\t<\/span>\n\t\t\t\t<\/div>\n\t\t\t\t\t<\/div>\n\t\t<\/article>\n\t\t\t\t<article class=\"elementor-post elementor-grid-item post-14212 post type-post status-publish format-standard hentry category-uncategorized\" role=\"listitem\">\n\t\t\t<div class=\"elementor-post__card\">\n\t\t\t\t<div class=\"elementor-post__text\">\n\t\t\t\t<h3 class=\"elementor-post__title\">\n\t\t\t<a href=\"https:\/\/heartofjesus.love\/it\/they-bear-the-wounds-of-her-sons-stigmata\/\" >\n\t\t\t\tPortano le ferite delle stimmate del figlio\t\t\t<\/a>\n\t\t<\/h3>\n\t\t\t\t<div class=\"elementor-post__excerpt\">\n\t\t\t<p>La Madonna, la Vergine, mi apre ora le sue mani, distese. Portano le ferite delle stimmate di suo figlio. Dice: \u201cPiango per tutte le anime che hanno bisogno della misericordia di mio figlio, perch\u00e9 tanti hanno dimenticato lui e le gioie del suo amore. Chiedo ai miei figli di<\/p>\n\t\t<\/div>\n\t\t\t\t<\/div>\n\t\t\t\t<div class=\"elementor-post__meta-data\">\n\t\t\t\t\t<span class=\"elementor-post-date\">\n\t\t\t18 aprile 2026\t\t<\/span>\n\t\t\t\t<\/div>\n\t\t\t\t\t<\/div>\n\t\t<\/article>\n\t\t\t\t<article class=\"elementor-post elementor-grid-item post-14208 post type-post status-publish format-standard hentry category-uncategorized\" role=\"listitem\">\n\t\t\t<div class=\"elementor-post__card\">\n\t\t\t\t<div class=\"elementor-post__text\">\n\t\t\t\t<h3 class=\"elementor-post__title\">\n\t\t\t<a href=\"https:\/\/heartofjesus.love\/it\/come-o-holy-love-of-the-cross\/\" >\n\t\t\t\tVieni, o santo amore della Croce\t\t\t<\/a>\n\t\t<\/h3>\n\t\t\t\t<div class=\"elementor-post__excerpt\">\n\t\t\t<p>Ho la visione dei raggi eterni della luce del trono del cielo. Che tu mi guidi, come desideri, nel tuo amore. Vieni, o santo amore della Croce, che attraverso il sacrificio di Ges\u00f9 tutto si compia nella sua misericordia per la gloria<\/p>\n\t\t<\/div>\n\t\t\t\t<\/div>\n\t\t\t\t<div class=\"elementor-post__meta-data\">\n\t\t\t\t\t<span class=\"elementor-post-date\">\n\t\t\t18 aprile 2026\t\t<\/span>\n\t\t\t\t<\/div>\n\t\t\t\t\t<\/div>\n\t\t<\/article>\n\t\t\t\t<\/div>\n\t\t\n\t\t\t\t<div class=\"e-load-more-anchor\" data-page=\"1\" data-max-page=\"557\" data-next-page=\"https:\/\/heartofjesus.love\/it\/?e-page-3e1aef0=2\"><\/div>\n\t\t\t\t<nav class=\"elementor-pagination\" aria-label=\"Paginazione\">\n\t\t\t<span class=\"page-numbers prev\">\" Precedente<\/span>\n<span aria-current=\"page\" class=\"page-numbers current\"><span class=\"elementor-screen-only\">Pagina<\/span>1<\/span>\n<a class=\"page-numbers\" href=\"https:\/\/heartofjesus.love\/it\/wp-json\/wp\/v2\/pages\/1477\/?e-page-3e1aef0=2\"><span class=\"elementor-screen-only\">Pagina<\/span>2<\/a>\n<a class=\"page-numbers\" href=\"https:\/\/heartofjesus.love\/it\/wp-json\/wp\/v2\/pages\/1477\/?e-page-3e1aef0=3\"><span class=\"elementor-screen-only\">Pagina<\/span>3<\/a>\n<span class=\"page-numbers dots\">...<\/span>\n<a class=\"page-numbers\" href=\"https:\/\/heartofjesus.love\/it\/wp-json\/wp\/v2\/pages\/1477\/?e-page-3e1aef0=25\"><span class=\"elementor-screen-only\">Pagina<\/span>25<\/a>\n<a class=\"page-numbers next\" href=\"https:\/\/heartofjesus.love\/it\/?e-page-3e1aef0=2\">Successivo \"<\/a>\t\t<\/nav>\n\t\t\t\t\t\t<\/div>\n\t\t\t\t<\/div>\n\t\t\t\t\t<\/div>\n\t\t\t\t<\/div>\n\t\t\t\t<\/div>","protected":false},"excerpt":{"rendered":"<p>Most Recent Messages Our Lord and Savior Jesus says, \u201cMy Sacred Heart of love continues to call all souls to [&hellip;]<\/p>\n","protected":false},"author":1,"featured_media":0,"parent":0,"menu_order":0,"comment_status":"closed","ping_status":"closed","template":"","meta":{"_seopress_robots_primary_cat":"","_seopress_titles_title":"Heart of Jesus: Messages of Love","_seopress_titles_desc":"\u201cMy Sacred Heart of love continues to call all souls to my mercy, to repent and receive the forgiveness of my heart. For I love all and there is no sin that is greater than my mercy to forgive. No soul is exempt from my loving mercy.\"","_seopress_robots_index":"","nf_dc_page":"","site-sidebar-layout":"no-sidebar","site-content-layout":"","ast-site-content-layout":"full-width-container","site-content-style":"default","site-sidebar-style":"default","ast-global-header-display":"","ast-banner-title-visibility":"","ast-main-header-display":"","ast-hfb-above-header-display":"","ast-hfb-below-header-display":"","ast-hfb-mobile-header-display":"","site-post-title":"disabled","ast-breadcrumbs-content":"","ast-featured-img":"disabled","footer-sml-layout":"","ast-disable-related-posts":"","theme-transparent-header-meta":"","adv-header-id-meta":"","stick-header-meta":"","header-above-stick-meta":"","header-main-stick-meta":"","header-below-stick-meta":"","astra-migrate-meta-layouts":"default","ast-page-background-enabled":"default","ast-page-background-meta":{"desktop":{"background-color":"var(--ast-global-color-4)","background-image":"","background-repeat":"repeat","background-position":"center center","background-size":"auto","background-attachment":"scroll","background-type":"","background-media":"","overlay-type":"","overlay-color":"","overlay-opacity":"","overlay-gradient":""},"tablet":{"background-color":"","background-image":"","background-repeat":"repeat","background-position":"center center","background-size":"auto","background-attachment":"scroll","background-type":"","background-media":"","overlay-type":"","overlay-color":"","overlay-opacity":"","overlay-gradient":""},"mobile":{"background-color":"","background-image":"","background-repeat":"repeat","background-position":"center center","background-size":"auto","background-attachment":"scroll","background-type":"","background-media":"","overlay-type":"","overlay-color":"","overlay-opacity":"","overlay-gradient":""}},"ast-content-background-meta":{"desktop":{"background-color":"var(--ast-global-color-5)","background-image":"","background-repeat":"repeat","background-position":"center center","background-size":"auto","background-attachment":"scroll","background-type":"","background-media":"","overlay-type":"","overlay-color":"","overlay-opacity":"","overlay-gradient":""},"tablet":{"background-color":"var(--ast-global-color-5)","background-image":"","background-repeat":"repeat","background-position":"center center","background-size":"auto","background-attachment":"scroll","background-type":"","background-media":"","overlay-type":"","overlay-color":"","overlay-opacity":"","overlay-gradient":""},"mobile":{"background-color":"var(--ast-global-color-5)","background-image":"","background-repeat":"repeat","background-position":"center center","background-size":"auto","background-attachment":"scroll","background-type":"","background-media":"","overlay-type":"","overlay-color":"","overlay-opacity":"","overlay-gradient":""}},"iawp_total_views":2035,"footnotes":""},"class_list":["post-1477","page","type-page","status-publish","hentry"],"_links":{"self":[{"href":"https:\/\/heartofjesus.love\/it\/wp-json\/wp\/v2\/pages\/1477","targetHints":{"allow":["GET"]}}],"collection":[{"href":"https:\/\/heartofjesus.love\/it\/wp-json\/wp\/v2\/pages"}],"about":[{"href":"https:\/\/heartofjesus.love\/it\/wp-json\/wp\/v2\/types\/page"}],"author":[{"embeddable":true,"href":"https:\/\/heartofjesus.love\/it\/wp-json\/wp\/v2\/users\/1"}],"replies":[{"embeddable":true,"href":"https:\/\/heartofjesus.love\/it\/wp-json\/wp\/v2\/comments?post=1477"}],"version-history":[{"count":1,"href":"https:\/\/heartofjesus.love\/it\/wp-json\/wp\/v2\/pages\/1477\/revisions"}],"predecessor-version":[{"id":12223,"href":"https:\/\/heartofjesus.love\/it\/wp-json\/wp\/v2\/pages\/1477\/revisions\/12223"}],"wp:attachment":[{"href":"https:\/\/heartofjesus.love\/it\/wp-json\/wp\/v2\/media?parent=1477"}],"curies":[{"name":"wp","href":"https:\/\/api.w.org\/{rel}","templated":true}]}}