{"id":1477,"date":"2024-03-09T00:21:11","date_gmt":"2024-03-08T23:21:11","guid":{"rendered":"https:\/\/heartofjesus.love\/?page_id=1477"},"modified":"2025-08-30T22:13:29","modified_gmt":"2025-08-30T20:13:29","slug":"dom","status":"publish","type":"page","link":"https:\/\/heartofjesus.love\/pl\/home\/","title":{"rendered":"Dom"},"content":{"rendered":"<div data-elementor-type=\"wp-page\" data-elementor-id=\"1477\" class=\"elementor elementor-1477\" data-elementor-post-type=\"page\">\n\t\t\t\t<div class=\"elementor-element elementor-element-03aa59f elementor-hidden-tablet elementor-hidden-desktop e-flex e-con-boxed e-con e-parent\" data-id=\"03aa59f\" data-element_type=\"container\" data-e-type=\"container\">\n\t\t\t\t\t<div class=\"e-con-inner\">\n\t\t\t\t<div class=\"elementor-element elementor-element-ec3886c elementor-align-center elementor-mobile-align-center elementor-hidden-desktop elementor-hidden-tablet elementor-widget elementor-widget-button\" data-id=\"ec3886c\" data-element_type=\"widget\" data-e-type=\"widget\" data-widget_type=\"button.default\">\n\t\t\t\t<div class=\"elementor-widget-container\">\n\t\t\t\t\t\t\t\t\t<div class=\"elementor-button-wrapper\">\n\t\t\t\t\t<a class=\"elementor-button elementor-button-link elementor-size-sm\" href=\"#recentmessages\">\n\t\t\t\t\t\t<span class=\"elementor-button-content-wrapper\">\n\t\t\t\t\t\t\t\t\t<span class=\"elementor-button-text\">Najnowsze wiadomo\u015bci<\/span>\n\t\t\t\t\t<\/span>\n\t\t\t\t\t<\/a>\n\t\t\t\t<\/div>\n\t\t\t\t\t\t\t\t<\/div>\n\t\t\t\t<\/div>\n\t\t\t\t\t<\/div>\n\t\t\t\t<\/div>\n\t\t<div class=\"elementor-element elementor-element-6bd6bfd e-flex e-con-boxed e-con e-parent\" data-id=\"6bd6bfd\" data-element_type=\"container\" data-e-type=\"container\">\n\t\t\t\t\t<div class=\"e-con-inner\">\n\t\t\t\t<div class=\"elementor-element elementor-element-f3b7269 elementor-widget elementor-widget-image\" data-id=\"f3b7269\" data-element_type=\"widget\" data-e-type=\"widget\" data-widget_type=\"image.default\">\n\t\t\t\t<div class=\"elementor-widget-container\">\n\t\t\t\t\t\t\t\t\t\t\t\t\t\t\t<img fetchpriority=\"high\" decoding=\"async\" width=\"760\" height=\"374\" src=\"https:\/\/heartofjesus.love\/wp-content\/uploads\/2024\/02\/sacred-heart-banner.jpg\" class=\"attachment-large size-large wp-image-210\" alt=\"Naj\u015bwi\u0119tsze Serce Jezusa\" srcset=\"https:\/\/heartofjesus.love\/wp-content\/uploads\/2024\/02\/sacred-heart-banner.jpg 760w, https:\/\/heartofjesus.love\/wp-content\/uploads\/2024\/02\/sacred-heart-banner-300x148.jpg 300w\" sizes=\"(max-width: 760px) 100vw, 760px\" \/>\t\t\t\t\t\t\t\t\t\t\t\t\t\t\t<\/div>\n\t\t\t\t<\/div>\n\t\t\t\t\t<\/div>\n\t\t\t\t<\/div>\n\t\t<div class=\"elementor-element elementor-element-5671b45 e-flex e-con-boxed e-con e-parent\" data-id=\"5671b45\" data-element_type=\"container\" data-e-type=\"container\">\n\t\t\t\t\t<div class=\"e-con-inner\">\n\t\t\t\t<div class=\"elementor-element elementor-element-2f562e8 elementor-widget elementor-widget-text-editor\" data-id=\"2f562e8\" data-element_type=\"widget\" data-e-type=\"widget\" data-widget_type=\"text-editor.default\">\n\t\t\t\t<div class=\"elementor-widget-container\">\n\t\t\t\t\t\t\t\t\t<p><em>Nasz Pan i Zbawiciel Jezus m\u00f3wi, <\/em>\"Moje Naj\u015bwi\u0119tsze Serce mi\u0142o\u015bci nadal wzywa wszystkie dusze do mojego mi\u0142osierdzia, do nawr\u00f3cenia i <span style=\"font-family: 'Noto Serif';\">otrzymywa\u0107<\/span> przebaczenie mego serca. Albowiem kocham wszystkich i nie ma grzechu, kt\u00f3ry by\u0142by wi\u0119kszy ni\u017c moje mi\u0142osierdzie do przebaczenia. \u017badna dusza nie jest wolna od mojego mi\u0142osierdzia.<\/p><p>Wzywam wszystkich ludzi do \u015bwi\u0119tych st\u00f3p mojego Krzy\u017ca, do chwa\u0142y mojej mi\u0142o\u015bci, aby szukali mnie ca\u0142ym swoim sercem, aby mogli zosta\u0107 przemienieni i przygotowani do chwa\u0142y \u017cycia wiecznego w swoim zbawieniu.<\/p><p>Mi\u0142o\u015b\u0107 otwiera drzwi nieba dla ka\u017cdej duszy, kt\u00f3ra szuka Mnie w Moim mi\u0142osierdziu i pragnie kocha\u0107 Mnie wiecznie. Nie mo\u017cesz sobie wyobrazi\u0107 chwa\u0142y mi\u0142o\u015bci, jak\u0105 mam dla moich dzieci.<\/p><p>Szukaj Mnie ca\u0142ym swoim sercem, a znajdziesz Mnie czekaj\u0105cego z otwartymi ramionami w moim mi\u0142osierdziu, aby ci\u0119 obj\u0105\u0107. Moc Krzy\u017ca jest moc\u0105 mojej mi\u0142osnej ofiary za dusze, aby je uzdrowi\u0107 w moim mi\u0142osierdziu, przebaczy\u0107 im i przywr\u00f3ci\u0107 rado\u015b\u0107, wielk\u0105 rado\u015b\u0107, do ich serc.<\/p><p>Tak, najpierw mi\u0142o\u015b\u0107, potem mi\u0142osierdzie\".<\/p>\t\t\t\t\t\t\t\t<\/div>\n\t\t\t\t<\/div>\n\t\t\t\t\t<\/div>\n\t\t\t\t<\/div>\n\t\t<div class=\"elementor-element elementor-element-a1a9d30 elementor-hidden-desktop elementor-hidden-tablet e-flex e-con-boxed e-con e-parent\" data-id=\"a1a9d30\" data-element_type=\"container\" data-e-type=\"container\" id=\"recentmessages\">\n\t\t\t\t\t<div class=\"e-con-inner\">\n\t\t\t\t\t<\/div>\n\t\t\t\t<\/div>\n\t\t<div class=\"elementor-element elementor-element-9b1a209 e-flex e-con-boxed e-con e-parent\" data-id=\"9b1a209\" data-element_type=\"container\" data-e-type=\"container\">\n\t\t\t\t\t<div class=\"e-con-inner\">\n\t\t\t\t<div class=\"elementor-element elementor-element-2e8e2ff elementor-widget elementor-widget-heading\" data-id=\"2e8e2ff\" data-element_type=\"widget\" data-e-type=\"widget\" data-widget_type=\"heading.default\">\n\t\t\t\t<div class=\"elementor-widget-container\">\n\t\t\t\t\t<h3 class=\"elementor-heading-title elementor-size-default\">Najnowsze wiadomo\u015bci<\/h3>\t\t\t\t<\/div>\n\t\t\t\t<\/div>\n\t\t\t\t\t<\/div>\n\t\t\t\t<\/div>\n\t\t<div class=\"elementor-element elementor-element-2e76e2b e-flex e-con-boxed e-con e-parent\" data-id=\"2e76e2b\" data-element_type=\"container\" data-e-type=\"container\">\n\t\t\t\t\t<div class=\"e-con-inner\">\n\t\t\t\t<div class=\"elementor-element elementor-element-3e1aef0 elementor-posts--thumbnail-none elementor-grid-3 elementor-grid-tablet-2 elementor-grid-mobile-1 elementor-card-shadow-yes elementor-posts__hover-gradient elementor-widget elementor-widget-posts\" data-id=\"3e1aef0\" data-element_type=\"widget\" data-e-type=\"widget\" data-settings=\"{&quot;cards_row_gap&quot;:{&quot;unit&quot;:&quot;px&quot;,&quot;size&quot;:20,&quot;sizes&quot;:[]},&quot;pagination_type&quot;:&quot;numbers_and_prev_next&quot;,&quot;cards_columns&quot;:&quot;3&quot;,&quot;cards_columns_tablet&quot;:&quot;2&quot;,&quot;cards_columns_mobile&quot;:&quot;1&quot;,&quot;cards_row_gap_tablet&quot;:{&quot;unit&quot;:&quot;px&quot;,&quot;size&quot;:&quot;&quot;,&quot;sizes&quot;:[]},&quot;cards_row_gap_mobile&quot;:{&quot;unit&quot;:&quot;px&quot;,&quot;size&quot;:&quot;&quot;,&quot;sizes&quot;:[]}}\" data-widget_type=\"posts.cards\">\n\t\t\t\t<div class=\"elementor-widget-container\">\n\t\t\t\t\t\t\t<div class=\"elementor-posts-container elementor-posts elementor-posts--skin-cards elementor-grid\" role=\"list\">\n\t\t\t\t<article class=\"elementor-post elementor-grid-item post-14310 post type-post status-publish format-standard hentry category-uncategorized\" role=\"listitem\">\n\t\t\t<div class=\"elementor-post__card\">\n\t\t\t\t<div class=\"elementor-post__text\">\n\t\t\t\t<h3 class=\"elementor-post__title\">\n\t\t\t<a href=\"https:\/\/heartofjesus.love\/pl\/hear-my-heart\/\" >\n\t\t\t\tHear my heart\t\t\t<\/a>\n\t\t<\/h3>\n\t\t\t\t<div class=\"elementor-post__excerpt\">\n\t\t\t<p>\u201cYes, my son, rejoice. Rejoice in my love and in the hope of the holy mercy of my son Jesus to sustain and guide you each day.\u201d Our Lady, who is still appearing before me dressed in white, seems to glow from within, appearing as Queen of Heaven, yet as<\/p>\n\t\t<\/div>\n\t\t\t\t<\/div>\n\t\t\t\t<div class=\"elementor-post__meta-data\">\n\t\t\t\t\t<span class=\"elementor-post-date\">\n\t\t\t12 maja 2026\t\t<\/span>\n\t\t\t\t<\/div>\n\t\t\t\t\t<\/div>\n\t\t<\/article>\n\t\t\t\t<article class=\"elementor-post elementor-grid-item post-14308 post type-post status-publish format-standard hentry category-uncategorized\" role=\"listitem\">\n\t\t\t<div class=\"elementor-post__card\">\n\t\t\t\t<div class=\"elementor-post__text\">\n\t\t\t\t<h3 class=\"elementor-post__title\">\n\t\t\t<a href=\"https:\/\/heartofjesus.love\/pl\/i-have-been-waiting-for-you\/\" >\n\t\t\t\tI have been waiting for you\t\t\t<\/a>\n\t\t<\/h3>\n\t\t\t\t<div class=\"elementor-post__excerpt\">\n\t\t\t<p>\u201cMy dear child, come to me in the glory of my love this day, as I have been waiting for you.\u201d I am now having a vision of our Lord appearing, walking on the waters of the bay before me, his hands outstretched. His white robe is a pure contrast<\/p>\n\t\t<\/div>\n\t\t\t\t<\/div>\n\t\t\t\t<div class=\"elementor-post__meta-data\">\n\t\t\t\t\t<span class=\"elementor-post-date\">\n\t\t\t12 maja 2026\t\t<\/span>\n\t\t\t\t<\/div>\n\t\t\t\t\t<\/div>\n\t\t<\/article>\n\t\t\t\t<article class=\"elementor-post elementor-grid-item post-14306 post type-post status-publish format-standard hentry category-uncategorized\" role=\"listitem\">\n\t\t\t<div class=\"elementor-post__card\">\n\t\t\t\t<div class=\"elementor-post__text\">\n\t\t\t\t<h3 class=\"elementor-post__title\">\n\t\t\t<a href=\"https:\/\/heartofjesus.love\/pl\/the-joy-of-forgiveness\/\" >\n\t\t\t\tThe joy of forgiveness\t\t\t<\/a>\n\t\t<\/h3>\n\t\t\t\t<div class=\"elementor-post__excerpt\">\n\t\t\t<p>Our Lord says, \u201cCome, my son, and be present for those most in need of my mercy. Open your heart to their needs, offering to them the compassionate waters of my love. Yes, the joys of my love shall always keep us united. When a soul forgives, they offer their<\/p>\n\t\t<\/div>\n\t\t\t\t<\/div>\n\t\t\t\t<div class=\"elementor-post__meta-data\">\n\t\t\t\t\t<span class=\"elementor-post-date\">\n\t\t\t12 maja 2026\t\t<\/span>\n\t\t\t\t<\/div>\n\t\t\t\t\t<\/div>\n\t\t<\/article>\n\t\t\t\t<article class=\"elementor-post elementor-grid-item post-14304 post type-post status-publish format-standard hentry category-uncategorized\" role=\"listitem\">\n\t\t\t<div class=\"elementor-post__card\">\n\t\t\t\t<div class=\"elementor-post__text\">\n\t\t\t\t<h3 class=\"elementor-post__title\">\n\t\t\t<a href=\"https:\/\/heartofjesus.love\/pl\/fulfill-that-which-you-are-meant-to-fulfill-this-day\/\" >\n\t\t\t\tFulfill that which you are meant to fulfill this day\t\t\t<\/a>\n\t\t<\/h3>\n\t\t\t\t<div class=\"elementor-post__excerpt\">\n\t\t\t<p>\u201cYes, let me take you in hope, in the love of my mercy.\u201d Our Lady is now appearing before me in a simple white dress, humble and pure and true. And I can feel her love, the love of a good mother. The love of her son within her, which<\/p>\n\t\t<\/div>\n\t\t\t\t<\/div>\n\t\t\t\t<div class=\"elementor-post__meta-data\">\n\t\t\t\t\t<span class=\"elementor-post-date\">\n\t\t\t12 maja 2026\t\t<\/span>\n\t\t\t\t<\/div>\n\t\t\t\t\t<\/div>\n\t\t<\/article>\n\t\t\t\t<article class=\"elementor-post elementor-grid-item post-14302 post type-post status-publish format-standard hentry category-uncategorized\" role=\"listitem\">\n\t\t\t<div class=\"elementor-post__card\">\n\t\t\t\t<div class=\"elementor-post__text\">\n\t\t\t\t<h3 class=\"elementor-post__title\">\n\t\t\t<a href=\"https:\/\/heartofjesus.love\/pl\/i-believe\/\" >\n\t\t\t\tI believe\t\t\t<\/a>\n\t\t<\/h3>\n\t\t\t\t<div class=\"elementor-post__excerpt\">\n\t\t\t<p>In John 11, Jesus said, \u201cDid I not tell you that if you believe, you will see the glory of God?\u201d \u2018O my Lord, I believe, I have hope and I love you. I love God; I believe. Renew my heart; I believe. Renew my soul; I believe. For you<\/p>\n\t\t<\/div>\n\t\t\t\t<\/div>\n\t\t\t\t<div class=\"elementor-post__meta-data\">\n\t\t\t\t\t<span class=\"elementor-post-date\">\n\t\t\t11 maja 2026\t\t<\/span>\n\t\t\t\t<\/div>\n\t\t\t\t\t<\/div>\n\t\t<\/article>\n\t\t\t\t<article class=\"elementor-post elementor-grid-item post-14299 post type-post status-publish format-standard hentry category-uncategorized\" role=\"listitem\">\n\t\t\t<div class=\"elementor-post__card\">\n\t\t\t\t<div class=\"elementor-post__text\">\n\t\t\t\t<h3 class=\"elementor-post__title\">\n\t\t\t<a href=\"https:\/\/heartofjesus.love\/pl\/hope-will-produce-peace-within-your-heart\/\" >\n\t\t\t\tHope will produce peace within your heart\t\t\t<\/a>\n\t\t<\/h3>\n\t\t\t\t<div class=\"elementor-post__excerpt\">\n\t\t\t<p>In the book of Hebrews 7, it says, \u201cLet us hold unswervingly to the hope we profess, for he who promised is faithful.\u201d \u2018My Lord, each day I pray for the greater gifts of faith, hope and love. To be an instrument of faith, hope and love for your children.<\/p>\n\t\t<\/div>\n\t\t\t\t<\/div>\n\t\t\t\t<div class=\"elementor-post__meta-data\">\n\t\t\t\t\t<span class=\"elementor-post-date\">\n\t\t\t11 maja 2026\t\t<\/span>\n\t\t\t\t<\/div>\n\t\t\t\t\t<\/div>\n\t\t<\/article>\n\t\t\t\t<\/div>\n\t\t\n\t\t\t\t<div class=\"e-load-more-anchor\" data-page=\"1\" data-max-page=\"561\" data-next-page=\"https:\/\/heartofjesus.love\/pl\/?e-page-3e1aef0=2\"><\/div>\n\t\t\t\t<nav class=\"elementor-pagination\" aria-label=\"Paginacja\">\n\t\t\t<span class=\"page-numbers prev\">\" Poprzedni<\/span>\n<span aria-current=\"page\" class=\"page-numbers current\"><span class=\"elementor-screen-only\">Strona<\/span>1<\/span>\n<a class=\"page-numbers\" href=\"https:\/\/heartofjesus.love\/pl\/wp-json\/wp\/v2\/pages\/1477\/?e-page-3e1aef0=2\"><span class=\"elementor-screen-only\">Strona<\/span>2<\/a>\n<a class=\"page-numbers\" href=\"https:\/\/heartofjesus.love\/pl\/wp-json\/wp\/v2\/pages\/1477\/?e-page-3e1aef0=3\"><span class=\"elementor-screen-only\">Strona<\/span>3<\/a>\n<span class=\"page-numbers dots\">...<\/span>\n<a class=\"page-numbers\" href=\"https:\/\/heartofjesus.love\/pl\/wp-json\/wp\/v2\/pages\/1477\/?e-page-3e1aef0=25\"><span class=\"elementor-screen-only\">Strona<\/span>25<\/a>\n<a class=\"page-numbers next\" href=\"https:\/\/heartofjesus.love\/pl\/?e-page-3e1aef0=2\">Nast\u0119pny \"<\/a>\t\t<\/nav>\n\t\t\t\t\t\t<\/div>\n\t\t\t\t<\/div>\n\t\t\t\t\t<\/div>\n\t\t\t\t<\/div>\n\t\t\t\t<\/div>","protected":false},"excerpt":{"rendered":"<p>Most Recent Messages Our Lord and Savior Jesus says, \u201cMy Sacred Heart of love continues to call all souls to [&hellip;]<\/p>\n","protected":false},"author":1,"featured_media":0,"parent":0,"menu_order":0,"comment_status":"closed","ping_status":"closed","template":"","meta":{"_seopress_robots_primary_cat":"","_seopress_titles_title":"Heart of Jesus: Messages of Love","_seopress_titles_desc":"\u201cMy Sacred Heart of love continues to call all souls to my mercy, to repent and receive the forgiveness of my heart. For I love all and there is no sin that is greater than my mercy to forgive. No soul is exempt from my loving mercy.\"","_seopress_robots_index":"","_seopress_analysis_target_kw":"","nf_dc_page":"","site-sidebar-layout":"no-sidebar","site-content-layout":"","ast-site-content-layout":"full-width-container","site-content-style":"default","site-sidebar-style":"default","ast-global-header-display":"","ast-banner-title-visibility":"","ast-main-header-display":"","ast-hfb-above-header-display":"","ast-hfb-below-header-display":"","ast-hfb-mobile-header-display":"","site-post-title":"disabled","ast-breadcrumbs-content":"","ast-featured-img":"disabled","footer-sml-layout":"","ast-disable-related-posts":"","theme-transparent-header-meta":"","adv-header-id-meta":"","stick-header-meta":"","header-above-stick-meta":"","header-main-stick-meta":"","header-below-stick-meta":"","astra-migrate-meta-layouts":"default","ast-page-background-enabled":"default","ast-page-background-meta":{"desktop":{"background-color":"var(--ast-global-color-4)","background-image":"","background-repeat":"repeat","background-position":"center center","background-size":"auto","background-attachment":"scroll","background-type":"","background-media":"","overlay-type":"","overlay-color":"","overlay-opacity":"","overlay-gradient":""},"tablet":{"background-color":"","background-image":"","background-repeat":"repeat","background-position":"center center","background-size":"auto","background-attachment":"scroll","background-type":"","background-media":"","overlay-type":"","overlay-color":"","overlay-opacity":"","overlay-gradient":""},"mobile":{"background-color":"","background-image":"","background-repeat":"repeat","background-position":"center center","background-size":"auto","background-attachment":"scroll","background-type":"","background-media":"","overlay-type":"","overlay-color":"","overlay-opacity":"","overlay-gradient":""}},"ast-content-background-meta":{"desktop":{"background-color":"var(--ast-global-color-5)","background-image":"","background-repeat":"repeat","background-position":"center center","background-size":"auto","background-attachment":"scroll","background-type":"","background-media":"","overlay-type":"","overlay-color":"","overlay-opacity":"","overlay-gradient":""},"tablet":{"background-color":"var(--ast-global-color-5)","background-image":"","background-repeat":"repeat","background-position":"center center","background-size":"auto","background-attachment":"scroll","background-type":"","background-media":"","overlay-type":"","overlay-color":"","overlay-opacity":"","overlay-gradient":""},"mobile":{"background-color":"var(--ast-global-color-5)","background-image":"","background-repeat":"repeat","background-position":"center center","background-size":"auto","background-attachment":"scroll","background-type":"","background-media":"","overlay-type":"","overlay-color":"","overlay-opacity":"","overlay-gradient":""}},"iawp_total_views":2051,"footnotes":""},"class_list":["post-1477","page","type-page","status-publish","hentry"],"_links":{"self":[{"href":"https:\/\/heartofjesus.love\/pl\/wp-json\/wp\/v2\/pages\/1477","targetHints":{"allow":["GET"]}}],"collection":[{"href":"https:\/\/heartofjesus.love\/pl\/wp-json\/wp\/v2\/pages"}],"about":[{"href":"https:\/\/heartofjesus.love\/pl\/wp-json\/wp\/v2\/types\/page"}],"author":[{"embeddable":true,"href":"https:\/\/heartofjesus.love\/pl\/wp-json\/wp\/v2\/users\/1"}],"replies":[{"embeddable":true,"href":"https:\/\/heartofjesus.love\/pl\/wp-json\/wp\/v2\/comments?post=1477"}],"version-history":[{"count":1,"href":"https:\/\/heartofjesus.love\/pl\/wp-json\/wp\/v2\/pages\/1477\/revisions"}],"predecessor-version":[{"id":12223,"href":"https:\/\/heartofjesus.love\/pl\/wp-json\/wp\/v2\/pages\/1477\/revisions\/12223"}],"wp:attachment":[{"href":"https:\/\/heartofjesus.love\/pl\/wp-json\/wp\/v2\/media?parent=1477"}],"curies":[{"name":"wp","href":"https:\/\/api.w.org\/{rel}","templated":true}]}}